{"id":1949,"date":"2020-09-29T10:38:47","date_gmt":"2020-09-29T10:38:47","guid":{"rendered":"https:\/\/www.berlinmotorsteam.de\/?page_id=1949"},"modified":"2020-10-22T16:12:51","modified_gmt":"2020-10-22T15:12:51","slug":"auto-transport-dienstleistungen","status":"publish","type":"page","link":"https:\/\/www.berlinmotorsteam.de\/en\/auto-transport-dienstleistungen\/","title":{"rendered":"Auto transportation services"},"content":{"rendered":"<div data-elementor-type=\"wp-page\" data-elementor-id=\"1949\" class=\"elementor elementor-1949\" data-elementor-post-type=\"page\">\n\t\t\t\t\t\t<section class=\"elementor-section elementor-top-section elementor-element elementor-element-496a25d elementor-section-boxed elementor-section-height-default elementor-section-height-default\" data-id=\"496a25d\" data-element_type=\"section\" data-e-type=\"section\">\n\t\t\t\t\t\t<div class=\"elementor-container elementor-column-gap-default\">\n\t\t\t\t\t<div class=\"elementor-column elementor-col-100 elementor-top-column elementor-element elementor-element-2bcd7ca\" data-id=\"2bcd7ca\" data-element_type=\"column\" data-e-type=\"column\">\n\t\t\t<div class=\"elementor-widget-wrap elementor-element-populated\">\n\t\t\t\t\t\t<div class=\"elementor-element elementor-element-fcab935 elementor-widget elementor-widget-heading\" data-id=\"fcab935\" data-element_type=\"widget\" data-e-type=\"widget\" data-widget_type=\"heading.default\">\n\t\t\t\t<div class=\"elementor-widget-container\">\n\t\t\t\t\t<h2 class=\"elementor-heading-title elementor-size-default\"><h3><span style=\"font-weight: 400\">Thanks to volume discounts through our transport partners, we can offer you the most competitive tariffs for car transports and shipments.<\/span><\/h3><\/h2>\t\t\t\t<\/div>\n\t\t\t\t<\/div>\n\t\t\t\t\t<\/div>\n\t\t<\/div>\n\t\t\t\t\t<\/div>\n\t\t<\/section>\n\t\t\t\t<section class=\"elementor-section elementor-top-section elementor-element elementor-element-248e8aa elementor-section-boxed elementor-section-height-default elementor-section-height-default\" data-id=\"248e8aa\" data-element_type=\"section\" data-e-type=\"section\">\n\t\t\t\t\t\t<div class=\"elementor-container elementor-column-gap-default\">\n\t\t\t\t\t<div class=\"elementor-column elementor-col-50 elementor-top-column elementor-element elementor-element-83eb6fd\" data-id=\"83eb6fd\" data-element_type=\"column\" data-e-type=\"column\">\n\t\t\t<div class=\"elementor-widget-wrap elementor-element-populated\">\n\t\t\t\t\t\t<div class=\"elementor-element elementor-element-102a241 elementor-widget elementor-widget-text-editor\" data-id=\"102a241\" data-element_type=\"widget\" data-e-type=\"widget\" data-widget_type=\"text-editor.default\">\n\t\t\t\t<div class=\"elementor-widget-container\">\n\t\t\t\t\t\t\t\t\t<h3><b>Road Freight<\/b><\/h3><p class=\"translation-block\"><span style=\"font-weight: 400\"> We offer a nationwide collection service for <\/span> <span style=\"font-weight: 400\"> P <\/span> <span style=\"font-weight : 400\"> KW, oldtimer, classic cars <\/span> <span style=\"font-weight: 400\">, pickups and motorcycles in the USA. <\/span><\/p><p><span style=\"font-weight: 400;\">We are also happy to carry out transports within Germany and Europe for you.\u00a0<\/span><\/p>\t\t\t\t\t\t\t\t<\/div>\n\t\t\t\t<\/div>\n\t\t\t\t<div class=\"elementor-element elementor-element-d68271f elementor-widget elementor-widget-button\" data-id=\"d68271f\" data-element_type=\"widget\" data-e-type=\"widget\" data-widget_type=\"button.default\">\n\t\t\t\t<div class=\"elementor-widget-container\">\n\t\t\t\t\t\t\t\t\t<div class=\"elementor-button-wrapper\">\n\t\t\t\t\t<a class=\"elementor-button elementor-button-link elementor-size-sm\" href=\"https:\/\/www.berlinmotorsteam.de\/en\/contact\/\">\n\t\t\t\t\t\t<span class=\"elementor-button-content-wrapper\">\n\t\t\t\t\t\t\t\t\t<span class=\"elementor-button-text\">Transport request<\/span>\n\t\t\t\t\t<\/span>\n\t\t\t\t\t<\/a>\n\t\t\t\t<\/div>\n\t\t\t\t\t\t\t\t<\/div>\n\t\t\t\t<\/div>\n\t\t\t\t\t<\/div>\n\t\t<\/div>\n\t\t\t\t<div class=\"elementor-column elementor-col-50 elementor-top-column elementor-element elementor-element-a5f7560\" data-id=\"a5f7560\" data-element_type=\"column\" data-e-type=\"column\">\n\t\t\t<div class=\"elementor-widget-wrap elementor-element-populated\">\n\t\t\t\t\t\t<div class=\"elementor-element elementor-element-2bbea65 elementor-widget elementor-widget-image\" data-id=\"2bbea65\" data-element_type=\"widget\" data-e-type=\"widget\" data-widget_type=\"image.default\">\n\t\t\t\t<div class=\"elementor-widget-container\">\n\t\t\t\t\t\t\t\t\t\t\t\t\t\t\t<img fetchpriority=\"high\" decoding=\"async\" width=\"1024\" height=\"683\" src=\"https:\/\/www.berlinmotorsteam.de\/wp-content\/uploads\/2020\/02\/tr005-1024x683.jpg\" class=\"attachment-large size-large wp-image-65\" alt=\"\" srcset=\"https:\/\/www.berlinmotorsteam.de\/wp-content\/uploads\/2020\/02\/tr005-1024x683.jpg 1024w, https:\/\/www.berlinmotorsteam.de\/wp-content\/uploads\/2020\/02\/tr005-300x200.jpg 300w, https:\/\/www.berlinmotorsteam.de\/wp-content\/uploads\/2020\/02\/tr005-768x512.jpg 768w, https:\/\/www.berlinmotorsteam.de\/wp-content\/uploads\/2020\/02\/tr005.jpg 1500w\" sizes=\"(max-width: 1024px) 100vw, 1024px\" \/>\t\t\t\t\t\t\t\t\t\t\t\t\t\t\t<\/div>\n\t\t\t\t<\/div>\n\t\t\t\t\t<\/div>\n\t\t<\/div>\n\t\t\t\t\t<\/div>\n\t\t<\/section>\n\t\t\t\t<section class=\"elementor-section elementor-top-section elementor-element elementor-element-2aefb21 elementor-section-boxed elementor-section-height-default elementor-section-height-default\" data-id=\"2aefb21\" data-element_type=\"section\" data-e-type=\"section\">\n\t\t\t\t\t\t<div class=\"elementor-container elementor-column-gap-default\">\n\t\t\t\t\t<div class=\"elementor-column elementor-col-50 elementor-top-column elementor-element elementor-element-226c0b5\" data-id=\"226c0b5\" data-element_type=\"column\" data-e-type=\"column\">\n\t\t\t<div class=\"elementor-widget-wrap elementor-element-populated\">\n\t\t\t\t\t\t<div class=\"elementor-element elementor-element-54863cc elementor-widget elementor-widget-image\" data-id=\"54863cc\" data-element_type=\"widget\" data-e-type=\"widget\" data-widget_type=\"image.default\">\n\t\t\t\t<div class=\"elementor-widget-container\">\n\t\t\t\t\t\t\t\t\t\t\t\t\t\t\t<img decoding=\"async\" width=\"1024\" height=\"683\" src=\"https:\/\/www.berlinmotorsteam.de\/wp-content\/uploads\/2020\/02\/tr041-1024x683.jpg\" class=\"attachment-large size-large wp-image-536\" alt=\"\" srcset=\"https:\/\/www.berlinmotorsteam.de\/wp-content\/uploads\/2020\/02\/tr041-1024x683.jpg 1024w, https:\/\/www.berlinmotorsteam.de\/wp-content\/uploads\/2020\/02\/tr041-300x200.jpg 300w, https:\/\/www.berlinmotorsteam.de\/wp-content\/uploads\/2020\/02\/tr041-768x512.jpg 768w, https:\/\/www.berlinmotorsteam.de\/wp-content\/uploads\/2020\/02\/tr041.jpg 1500w\" sizes=\"(max-width: 1024px) 100vw, 1024px\" \/>\t\t\t\t\t\t\t\t\t\t\t\t\t\t\t<\/div>\n\t\t\t\t<\/div>\n\t\t\t\t\t<\/div>\n\t\t<\/div>\n\t\t\t\t<div class=\"elementor-column elementor-col-50 elementor-top-column elementor-element elementor-element-65434ed\" data-id=\"65434ed\" data-element_type=\"column\" data-e-type=\"column\">\n\t\t\t<div class=\"elementor-widget-wrap elementor-element-populated\">\n\t\t\t\t\t\t<div class=\"elementor-element elementor-element-721362a elementor-widget elementor-widget-text-editor\" data-id=\"721362a\" data-element_type=\"widget\" data-e-type=\"widget\" data-widget_type=\"text-editor.default\">\n\t\t\t\t<div class=\"elementor-widget-container\">\n\t\t\t\t\t\t\t\t\t<h3><b>Ocean Freight<\/b><\/h3><p><span style=\"font-weight: 400;\">Together with our authorized partners, Berlin Motors loads the vehicle using a modern loading system with a rack system in the container, whereby the cars are only strapped to the wheels. This gives vehicles more space in the container and minimizes the risk of damage. Multiple vehicles are loaded in a single container to ensure fast delivery times.<\/span><\/p>\t\t\t\t\t\t\t\t<\/div>\n\t\t\t\t<\/div>\n\t\t\t\t<div class=\"elementor-element elementor-element-d38dbdc elementor-widget elementor-widget-button\" data-id=\"d38dbdc\" data-element_type=\"widget\" data-e-type=\"widget\" data-widget_type=\"button.default\">\n\t\t\t\t<div class=\"elementor-widget-container\">\n\t\t\t\t\t\t\t\t\t<div class=\"elementor-button-wrapper\">\n\t\t\t\t\t<a class=\"elementor-button elementor-button-link elementor-size-sm\" href=\"https:\/\/www.berlinmotorsteam.de\/en\/contact\/\">\n\t\t\t\t\t\t<span class=\"elementor-button-content-wrapper\">\n\t\t\t\t\t\t\t\t\t<span class=\"elementor-button-text\">Transport request<\/span>\n\t\t\t\t\t<\/span>\n\t\t\t\t\t<\/a>\n\t\t\t\t<\/div>\n\t\t\t\t\t\t\t\t<\/div>\n\t\t\t\t<\/div>\n\t\t\t\t\t<\/div>\n\t\t<\/div>\n\t\t\t\t\t<\/div>\n\t\t<\/section>\n\t\t\t\t<section class=\"elementor-section elementor-top-section elementor-element elementor-element-d4bb572 elementor-section-boxed elementor-section-height-default elementor-section-height-default\" data-id=\"d4bb572\" data-element_type=\"section\" data-e-type=\"section\">\n\t\t\t\t\t\t<div class=\"elementor-container elementor-column-gap-default\">\n\t\t\t\t\t<div class=\"elementor-column elementor-col-50 elementor-top-column elementor-element elementor-element-9114e44\" data-id=\"9114e44\" data-element_type=\"column\" data-e-type=\"column\">\n\t\t\t<div class=\"elementor-widget-wrap elementor-element-populated\">\n\t\t\t\t\t\t<div class=\"elementor-element elementor-element-bb65668 elementor-widget elementor-widget-text-editor\" data-id=\"bb65668\" data-element_type=\"widget\" data-e-type=\"widget\" data-widget_type=\"text-editor.default\">\n\t\t\t\t<div class=\"elementor-widget-container\">\n\t\t\t\t\t\t\t\t\t<h3><b>Air Freight<\/b><\/h3><p><span style=\"font-weight: 400;\">The reasons for transporting a vehicle by air freight can be very different. If time is a critical factor, shipping by air freight is the fastest solution. Even if special vehicles are to be transported intercontinental, air freight is often the transport variant of choice - especially for the automotive industry.<\/span><\/p>\t\t\t\t\t\t\t\t<\/div>\n\t\t\t\t<\/div>\n\t\t\t\t<div class=\"elementor-element elementor-element-3a8cde1 elementor-widget elementor-widget-button\" data-id=\"3a8cde1\" data-element_type=\"widget\" data-e-type=\"widget\" data-widget_type=\"button.default\">\n\t\t\t\t<div class=\"elementor-widget-container\">\n\t\t\t\t\t\t\t\t\t<div class=\"elementor-button-wrapper\">\n\t\t\t\t\t<a class=\"elementor-button elementor-button-link elementor-size-sm\" href=\"https:\/\/www.berlinmotorsteam.de\/en\/contact\/\">\n\t\t\t\t\t\t<span class=\"elementor-button-content-wrapper\">\n\t\t\t\t\t\t\t\t\t<span class=\"elementor-button-text\">Transport request<\/span>\n\t\t\t\t\t<\/span>\n\t\t\t\t\t<\/a>\n\t\t\t\t<\/div>\n\t\t\t\t\t\t\t\t<\/div>\n\t\t\t\t<\/div>\n\t\t\t\t\t<\/div>\n\t\t<\/div>\n\t\t\t\t<div class=\"elementor-column elementor-col-50 elementor-top-column elementor-element elementor-element-4af9fc1\" data-id=\"4af9fc1\" data-element_type=\"column\" data-e-type=\"column\">\n\t\t\t<div class=\"elementor-widget-wrap elementor-element-populated\">\n\t\t\t\t\t\t<div class=\"elementor-element elementor-element-7bf25f2 elementor-widget elementor-widget-image\" data-id=\"7bf25f2\" data-element_type=\"widget\" data-e-type=\"widget\" data-widget_type=\"image.default\">\n\t\t\t\t<div class=\"elementor-widget-container\">\n\t\t\t\t\t\t\t\t\t\t\t\t\t\t\t<img decoding=\"async\" width=\"1024\" height=\"683\" src=\"https:\/\/www.berlinmotorsteam.de\/wp-content\/uploads\/2020\/02\/tr003-1024x683.jpg\" class=\"attachment-large size-large wp-image-37\" alt=\"\" srcset=\"https:\/\/www.berlinmotorsteam.de\/wp-content\/uploads\/2020\/02\/tr003-1024x683.jpg 1024w, https:\/\/www.berlinmotorsteam.de\/wp-content\/uploads\/2020\/02\/tr003-300x200.jpg 300w, https:\/\/www.berlinmotorsteam.de\/wp-content\/uploads\/2020\/02\/tr003-768x512.jpg 768w, https:\/\/www.berlinmotorsteam.de\/wp-content\/uploads\/2020\/02\/tr003.jpg 1500w\" sizes=\"(max-width: 1024px) 100vw, 1024px\" \/>\t\t\t\t\t\t\t\t\t\t\t\t\t\t\t<\/div>\n\t\t\t\t<\/div>\n\t\t\t\t\t<\/div>\n\t\t<\/div>\n\t\t\t\t\t<\/div>\n\t\t<\/section>\n\t\t\t\t<section class=\"elementor-section elementor-top-section elementor-element elementor-element-d64e2c1 elementor-section-boxed elementor-section-height-default elementor-section-height-default\" data-id=\"d64e2c1\" data-element_type=\"section\" data-e-type=\"section\">\n\t\t\t\t\t\t<div class=\"elementor-container elementor-column-gap-default\">\n\t\t\t\t\t<div class=\"elementor-column elementor-col-50 elementor-top-column elementor-element elementor-element-0bf1b52\" data-id=\"0bf1b52\" data-element_type=\"column\" data-e-type=\"column\">\n\t\t\t<div class=\"elementor-widget-wrap elementor-element-populated\">\n\t\t\t\t\t\t<div class=\"elementor-element elementor-element-da19163 elementor-widget elementor-widget-image\" data-id=\"da19163\" data-element_type=\"widget\" data-e-type=\"widget\" data-widget_type=\"image.default\">\n\t\t\t\t<div class=\"elementor-widget-container\">\n\t\t\t\t\t\t\t\t\t\t\t\t\t\t\t<img loading=\"lazy\" decoding=\"async\" width=\"1024\" height=\"683\" src=\"https:\/\/www.berlinmotorsteam.de\/wp-content\/uploads\/2020\/02\/tr002-1024x683.jpg\" class=\"attachment-large size-large wp-image-36\" alt=\"\" srcset=\"https:\/\/www.berlinmotorsteam.de\/wp-content\/uploads\/2020\/02\/tr002-1024x683.jpg 1024w, https:\/\/www.berlinmotorsteam.de\/wp-content\/uploads\/2020\/02\/tr002-300x200.jpg 300w, https:\/\/www.berlinmotorsteam.de\/wp-content\/uploads\/2020\/02\/tr002-768x512.jpg 768w, https:\/\/www.berlinmotorsteam.de\/wp-content\/uploads\/2020\/02\/tr002.jpg 1500w\" sizes=\"(max-width: 1024px) 100vw, 1024px\" \/>\t\t\t\t\t\t\t\t\t\t\t\t\t\t\t<\/div>\n\t\t\t\t<\/div>\n\t\t\t\t\t<\/div>\n\t\t<\/div>\n\t\t\t\t<div class=\"elementor-column elementor-col-50 elementor-top-column elementor-element elementor-element-1018899\" data-id=\"1018899\" data-element_type=\"column\" data-e-type=\"column\">\n\t\t\t<div class=\"elementor-widget-wrap elementor-element-populated\">\n\t\t\t\t\t\t<div class=\"elementor-element elementor-element-57eff1e elementor-widget elementor-widget-text-editor\" data-id=\"57eff1e\" data-element_type=\"widget\" data-e-type=\"widget\" data-widget_type=\"text-editor.default\">\n\t\t\t\t<div class=\"elementor-widget-container\">\n\t\t\t\t\t\t\t\t\t<h3><b>Railway Freight<\/b><\/h3><p><span style=\"font-weight: 400;\">Rail transport scores with numerous advantages: high-quality vehicles and motor vehicles with special dimensions can be transported cost-effectively, reliably and sustainably by rail. Transport by rail makes you independent of road traffic problems such as traffic jams, accidents, road closures or weather influences.<\/span><\/p>\t\t\t\t\t\t\t\t<\/div>\n\t\t\t\t<\/div>\n\t\t\t\t<div class=\"elementor-element elementor-element-e762fd8 elementor-widget elementor-widget-button\" data-id=\"e762fd8\" data-element_type=\"widget\" data-e-type=\"widget\" data-widget_type=\"button.default\">\n\t\t\t\t<div class=\"elementor-widget-container\">\n\t\t\t\t\t\t\t\t\t<div class=\"elementor-button-wrapper\">\n\t\t\t\t\t<a class=\"elementor-button elementor-button-link elementor-size-sm\" href=\"https:\/\/www.berlinmotorsteam.de\/en\/contact\/\">\n\t\t\t\t\t\t<span class=\"elementor-button-content-wrapper\">\n\t\t\t\t\t\t\t\t\t<span class=\"elementor-button-text\">Transport request<\/span>\n\t\t\t\t\t<\/span>\n\t\t\t\t\t<\/a>\n\t\t\t\t<\/div>\n\t\t\t\t\t\t\t\t<\/div>\n\t\t\t\t<\/div>\n\t\t\t\t\t<\/div>\n\t\t<\/div>\n\t\t\t\t\t<\/div>\n\t\t<\/section>\n\t\t\t\t<\/div>","protected":false},"excerpt":{"rendered":"<p>Wir bieten Ihnen dank Mengenrabatten \u00fcber unsere Transportpartner die wettbewerbsf\u00e4higsten Tarife f\u00fcr Autotransporte bzw. Verschiffungen. Auf dem Land Wir bieten Ihnen einen landesweiten Abholservice f\u00fcr PKW, Oldtimer, Classic Cars, Pickups sowie Motorr\u00e4der in den USA.&nbsp; Auch Transporte innerhalb Deutschlands und Europa f\u00fchren wir gern f\u00fcr Sie durch.&nbsp; Transportanfrage Auf dem Wasser Mit unseren autorisierten Partnern&hellip;<\/p>","protected":false},"author":3,"featured_media":0,"parent":0,"menu_order":0,"comment_status":"closed","ping_status":"closed","template":"","meta":{"_monsterinsights_skip_tracking":false,"_monsterinsights_sitenote_active":false,"_monsterinsights_sitenote_note":"","_monsterinsights_sitenote_category":0,"footnotes":""},"class_list":["post-1949","page","type-page","status-publish","hentry"],"yoast_head":"<!-- This site is optimized with the Yoast SEO plugin v27.4 - https:\/\/yoast.com\/product\/yoast-seo-wordpress\/ -->\n<title>Auto Transport Dienstleistungen | Berlin Motors USC GmbH<\/title>\n<meta name=\"robots\" content=\"index, follow, max-snippet:-1, max-image-preview:large, max-video-preview:-1\" \/>\n<link rel=\"canonical\" href=\"https:\/\/www.berlinmotorsteam.de\/en\/auto-transport-dienstleistungen\/\" \/>\n<meta property=\"og:locale\" content=\"en_US\" \/>\n<meta property=\"og:type\" content=\"article\" \/>\n<meta property=\"og:title\" content=\"Auto Transport Dienstleistungen | Berlin Motors USC GmbH\" \/>\n<meta property=\"og:description\" content=\"Wir bieten Ihnen dank Mengenrabatten \u00fcber unsere Transportpartner die wettbewerbsf\u00e4higsten Tarife f\u00fcr Autotransporte bzw. Verschiffungen. Auf dem Land Wir bieten Ihnen einen landesweiten Abholservice f\u00fcr PKW, Oldtimer, Classic Cars, Pickups sowie Motorr\u00e4der in den USA.&nbsp; Auch Transporte innerhalb Deutschlands und Europa f\u00fchren wir gern f\u00fcr Sie durch.&nbsp; Transportanfrage Auf dem Wasser Mit unseren autorisierten Partnern&hellip;\" \/>\n<meta property=\"og:url\" content=\"https:\/\/www.berlinmotorsteam.de\/en\/auto-transport-dienstleistungen\/\" \/>\n<meta property=\"og:site_name\" content=\"Berlin Motors USC GmbH\" \/>\n<meta property=\"article:publisher\" content=\"https:\/\/www.facebook.com\/berlinmotors\/\" \/>\n<meta property=\"article:modified_time\" content=\"2020-10-22T15:12:51+00:00\" \/>\n<meta property=\"og:image\" content=\"https:\/\/www.berlinmotorsteam.de\/wp-content\/uploads\/2020\/02\/tr005-1024x683.jpg\" \/>\n<meta name=\"twitter:card\" content=\"summary_large_image\" \/>\n<meta name=\"twitter:label1\" content=\"Est. reading time\" \/>\n\t<meta name=\"twitter:data1\" content=\"1 minute\" \/>\n<script type=\"application\/ld+json\" class=\"yoast-schema-graph\">{\"@context\":\"https:\\\/\\\/schema.org\",\"@graph\":[{\"@type\":\"WebPage\",\"@id\":\"https:\\\/\\\/www.berlinmotorsteam.de\\\/auto-transport-dienstleistungen\\\/\",\"url\":\"https:\\\/\\\/www.berlinmotorsteam.de\\\/auto-transport-dienstleistungen\\\/\",\"name\":\"Auto Transport Dienstleistungen | Berlin Motors USC GmbH\",\"isPartOf\":{\"@id\":\"https:\\\/\\\/www.berlinmotorsteam.de\\\/#website\"},\"primaryImageOfPage\":{\"@id\":\"https:\\\/\\\/www.berlinmotorsteam.de\\\/auto-transport-dienstleistungen\\\/#primaryimage\"},\"image\":{\"@id\":\"https:\\\/\\\/www.berlinmotorsteam.de\\\/auto-transport-dienstleistungen\\\/#primaryimage\"},\"thumbnailUrl\":\"https:\\\/\\\/www.berlinmotorsteam.de\\\/wp-content\\\/uploads\\\/2020\\\/02\\\/tr005-1024x683.jpg\",\"datePublished\":\"2020-09-29T10:38:47+00:00\",\"dateModified\":\"2020-10-22T15:12:51+00:00\",\"breadcrumb\":{\"@id\":\"https:\\\/\\\/www.berlinmotorsteam.de\\\/auto-transport-dienstleistungen\\\/#breadcrumb\"},\"inLanguage\":\"en-US\",\"potentialAction\":[{\"@type\":\"ReadAction\",\"target\":[\"https:\\\/\\\/www.berlinmotorsteam.de\\\/auto-transport-dienstleistungen\\\/\"]}]},{\"@type\":\"ImageObject\",\"inLanguage\":\"en-US\",\"@id\":\"https:\\\/\\\/www.berlinmotorsteam.de\\\/auto-transport-dienstleistungen\\\/#primaryimage\",\"url\":\"https:\\\/\\\/www.berlinmotorsteam.de\\\/wp-content\\\/uploads\\\/2020\\\/02\\\/tr005-1024x683.jpg\",\"contentUrl\":\"https:\\\/\\\/www.berlinmotorsteam.de\\\/wp-content\\\/uploads\\\/2020\\\/02\\\/tr005-1024x683.jpg\"},{\"@type\":\"BreadcrumbList\",\"@id\":\"https:\\\/\\\/www.berlinmotorsteam.de\\\/auto-transport-dienstleistungen\\\/#breadcrumb\",\"itemListElement\":[{\"@type\":\"ListItem\",\"position\":1,\"name\":\"Startseite\",\"item\":\"https:\\\/\\\/www.berlinmotorsteam.de\\\/\"},{\"@type\":\"ListItem\",\"position\":2,\"name\":\"Auto Transport Dienstleistungen\"}]},{\"@type\":\"WebSite\",\"@id\":\"https:\\\/\\\/www.berlinmotorsteam.de\\\/#website\",\"url\":\"https:\\\/\\\/www.berlinmotorsteam.de\\\/\",\"name\":\"Berlin Motors USC GmbH\",\"description\":\"US CARS, Import, T\u00dcV-Abnahme, Transport, Homologation\",\"publisher\":{\"@id\":\"https:\\\/\\\/www.berlinmotorsteam.de\\\/#organization\"},\"potentialAction\":[{\"@type\":\"SearchAction\",\"target\":{\"@type\":\"EntryPoint\",\"urlTemplate\":\"https:\\\/\\\/www.berlinmotorsteam.de\\\/?s={search_term_string}\"},\"query-input\":{\"@type\":\"PropertyValueSpecification\",\"valueRequired\":true,\"valueName\":\"search_term_string\"}}],\"inLanguage\":\"en-US\"},{\"@type\":\"Organization\",\"@id\":\"https:\\\/\\\/www.berlinmotorsteam.de\\\/#organization\",\"name\":\"Berlin Motors USC GmbH\",\"url\":\"https:\\\/\\\/www.berlinmotorsteam.de\\\/\",\"logo\":{\"@type\":\"ImageObject\",\"inLanguage\":\"en-US\",\"@id\":\"https:\\\/\\\/www.berlinmotorsteam.de\\\/#\\\/schema\\\/logo\\\/image\\\/\",\"url\":\"https:\\\/\\\/www.berlinmotorsteam.de\\\/wp-content\\\/uploads\\\/2020\\\/09\\\/BM-Logo.jpg\",\"contentUrl\":\"https:\\\/\\\/www.berlinmotorsteam.de\\\/wp-content\\\/uploads\\\/2020\\\/09\\\/BM-Logo.jpg\",\"width\":317,\"height\":96,\"caption\":\"Berlin Motors USC GmbH\"},\"image\":{\"@id\":\"https:\\\/\\\/www.berlinmotorsteam.de\\\/#\\\/schema\\\/logo\\\/image\\\/\"},\"sameAs\":[\"https:\\\/\\\/www.facebook.com\\\/berlinmotors\\\/\",\"https:\\\/\\\/www.youtube.com\\\/channel\\\/UCa4GGVt0PC07KuJT-Z47KZw\"]}]}<\/script>\n<!-- \/ Yoast SEO plugin. -->","yoast_head_json":{"title":"Auto Transport Dienstleistungen | Berlin Motors USC GmbH","robots":{"index":"index","follow":"follow","max-snippet":"max-snippet:-1","max-image-preview":"max-image-preview:large","max-video-preview":"max-video-preview:-1"},"canonical":"https:\/\/www.berlinmotorsteam.de\/en\/auto-transport-dienstleistungen\/","og_locale":"en_US","og_type":"article","og_title":"Auto Transport Dienstleistungen | Berlin Motors USC GmbH","og_description":"Wir bieten Ihnen dank Mengenrabatten \u00fcber unsere Transportpartner die wettbewerbsf\u00e4higsten Tarife f\u00fcr Autotransporte bzw. Verschiffungen. Auf dem Land Wir bieten Ihnen einen landesweiten Abholservice f\u00fcr PKW, Oldtimer, Classic Cars, Pickups sowie Motorr\u00e4der in den USA.&nbsp; Auch Transporte innerhalb Deutschlands und Europa f\u00fchren wir gern f\u00fcr Sie durch.&nbsp; Transportanfrage Auf dem Wasser Mit unseren autorisierten Partnern&hellip;","og_url":"https:\/\/www.berlinmotorsteam.de\/en\/auto-transport-dienstleistungen\/","og_site_name":"Berlin Motors USC GmbH","article_publisher":"https:\/\/www.facebook.com\/berlinmotors\/","article_modified_time":"2020-10-22T15:12:51+00:00","og_image":[{"url":"https:\/\/www.berlinmotorsteam.de\/wp-content\/uploads\/2020\/02\/tr005-1024x683.jpg","type":"","width":"","height":""}],"twitter_card":"summary_large_image","twitter_misc":{"Est. reading time":"1 minute"},"schema":{"@context":"https:\/\/schema.org","@graph":[{"@type":"WebPage","@id":"https:\/\/www.berlinmotorsteam.de\/auto-transport-dienstleistungen\/","url":"https:\/\/www.berlinmotorsteam.de\/auto-transport-dienstleistungen\/","name":"Auto Transport Dienstleistungen | Berlin Motors USC GmbH","isPartOf":{"@id":"https:\/\/www.berlinmotorsteam.de\/#website"},"primaryImageOfPage":{"@id":"https:\/\/www.berlinmotorsteam.de\/auto-transport-dienstleistungen\/#primaryimage"},"image":{"@id":"https:\/\/www.berlinmotorsteam.de\/auto-transport-dienstleistungen\/#primaryimage"},"thumbnailUrl":"https:\/\/www.berlinmotorsteam.de\/wp-content\/uploads\/2020\/02\/tr005-1024x683.jpg","datePublished":"2020-09-29T10:38:47+00:00","dateModified":"2020-10-22T15:12:51+00:00","breadcrumb":{"@id":"https:\/\/www.berlinmotorsteam.de\/auto-transport-dienstleistungen\/#breadcrumb"},"inLanguage":"en-US","potentialAction":[{"@type":"ReadAction","target":["https:\/\/www.berlinmotorsteam.de\/auto-transport-dienstleistungen\/"]}]},{"@type":"ImageObject","inLanguage":"en-US","@id":"https:\/\/www.berlinmotorsteam.de\/auto-transport-dienstleistungen\/#primaryimage","url":"https:\/\/www.berlinmotorsteam.de\/wp-content\/uploads\/2020\/02\/tr005-1024x683.jpg","contentUrl":"https:\/\/www.berlinmotorsteam.de\/wp-content\/uploads\/2020\/02\/tr005-1024x683.jpg"},{"@type":"BreadcrumbList","@id":"https:\/\/www.berlinmotorsteam.de\/auto-transport-dienstleistungen\/#breadcrumb","itemListElement":[{"@type":"ListItem","position":1,"name":"Startseite","item":"https:\/\/www.berlinmotorsteam.de\/"},{"@type":"ListItem","position":2,"name":"Auto Transport Dienstleistungen"}]},{"@type":"WebSite","@id":"https:\/\/www.berlinmotorsteam.de\/#website","url":"https:\/\/www.berlinmotorsteam.de\/","name":"Berlin Motors USC GmbH","description":"US CARS, Import, T\u00dcV-Abnahme, Transport, Homologation","publisher":{"@id":"https:\/\/www.berlinmotorsteam.de\/#organization"},"potentialAction":[{"@type":"SearchAction","target":{"@type":"EntryPoint","urlTemplate":"https:\/\/www.berlinmotorsteam.de\/?s={search_term_string}"},"query-input":{"@type":"PropertyValueSpecification","valueRequired":true,"valueName":"search_term_string"}}],"inLanguage":"en-US"},{"@type":"Organization","@id":"https:\/\/www.berlinmotorsteam.de\/#organization","name":"Berlin Motors USC GmbH","url":"https:\/\/www.berlinmotorsteam.de\/","logo":{"@type":"ImageObject","inLanguage":"en-US","@id":"https:\/\/www.berlinmotorsteam.de\/#\/schema\/logo\/image\/","url":"https:\/\/www.berlinmotorsteam.de\/wp-content\/uploads\/2020\/09\/BM-Logo.jpg","contentUrl":"https:\/\/www.berlinmotorsteam.de\/wp-content\/uploads\/2020\/09\/BM-Logo.jpg","width":317,"height":96,"caption":"Berlin Motors USC GmbH"},"image":{"@id":"https:\/\/www.berlinmotorsteam.de\/#\/schema\/logo\/image\/"},"sameAs":["https:\/\/www.facebook.com\/berlinmotors\/","https:\/\/www.youtube.com\/channel\/UCa4GGVt0PC07KuJT-Z47KZw"]}]}},"_links":{"self":[{"href":"https:\/\/www.berlinmotorsteam.de\/en\/wp-json\/wp\/v2\/pages\/1949","targetHints":{"allow":["GET"]}}],"collection":[{"href":"https:\/\/www.berlinmotorsteam.de\/en\/wp-json\/wp\/v2\/pages"}],"about":[{"href":"https:\/\/www.berlinmotorsteam.de\/en\/wp-json\/wp\/v2\/types\/page"}],"author":[{"embeddable":true,"href":"https:\/\/www.berlinmotorsteam.de\/en\/wp-json\/wp\/v2\/users\/3"}],"replies":[{"embeddable":true,"href":"https:\/\/www.berlinmotorsteam.de\/en\/wp-json\/wp\/v2\/comments?post=1949"}],"version-history":[{"count":6,"href":"https:\/\/www.berlinmotorsteam.de\/en\/wp-json\/wp\/v2\/pages\/1949\/revisions"}],"predecessor-version":[{"id":2064,"href":"https:\/\/www.berlinmotorsteam.de\/en\/wp-json\/wp\/v2\/pages\/1949\/revisions\/2064"}],"wp:attachment":[{"href":"https:\/\/www.berlinmotorsteam.de\/en\/wp-json\/wp\/v2\/media?parent=1949"}],"curies":[{"name":"wp","href":"https:\/\/api.w.org\/{rel}","templated":true}]}}