{"id":1930,"date":"2020-09-29T09:41:02","date_gmt":"2020-09-29T09:41:02","guid":{"rendered":"https:\/\/www.berlinmotorsteam.de\/?page_id=1930"},"modified":"2020-10-08T15:03:56","modified_gmt":"2020-10-08T14:03:56","slug":"werkstattservice","status":"publish","type":"page","link":"https:\/\/www.berlinmotorsteam.de\/en\/werkstattservice\/","title":{"rendered":"Workshop service"},"content":{"rendered":"<div data-elementor-type=\"wp-page\" data-elementor-id=\"1930\" class=\"elementor elementor-1930\" data-elementor-post-type=\"page\">\n\t\t\t\t\t\t<section class=\"elementor-section elementor-top-section elementor-element elementor-element-f38e72a elementor-section-boxed elementor-section-height-default elementor-section-height-default\" data-id=\"f38e72a\" data-element_type=\"section\" data-e-type=\"section\">\n\t\t\t\t\t\t<div class=\"elementor-container elementor-column-gap-default\">\n\t\t\t\t\t<div class=\"elementor-column elementor-col-50 elementor-top-column elementor-element elementor-element-de5da35\" data-id=\"de5da35\" data-element_type=\"column\" data-e-type=\"column\">\n\t\t\t<div class=\"elementor-widget-wrap elementor-element-populated\">\n\t\t\t\t\t\t<div class=\"elementor-element elementor-element-efb6b58 elementor-widget elementor-widget-text-editor\" data-id=\"efb6b58\" data-element_type=\"widget\" data-e-type=\"widget\" data-widget_type=\"text-editor.default\">\n\t\t\t\t<div class=\"elementor-widget-container\">\n\t\t\t\t\t\t\t\t\t<p class=\"translation-block\">Our workshop looks after all brands, especially US vehicles.<\/p><p>From tire service to accident damage and the statutory AU \/ HU (T\u00dcV), we repair and check your car.\u00a0<\/p><p>The master craftsman's certificate and the continuous training of all mechanics, as well as the use of the latest technology, qualify us for every task relating to your vehicle!<\/p><p>We take care of your vehicle with commitment, competence and reliability.<\/p>\t\t\t\t\t\t\t\t<\/div>\n\t\t\t\t<\/div>\n\t\t\t\t\t<\/div>\n\t\t<\/div>\n\t\t\t\t<div class=\"elementor-column elementor-col-50 elementor-top-column elementor-element elementor-element-f09c49b\" data-id=\"f09c49b\" data-element_type=\"column\" data-e-type=\"column\">\n\t\t\t<div class=\"elementor-widget-wrap elementor-element-populated\">\n\t\t\t\t\t\t<div class=\"elementor-element elementor-element-03ec063 elementor-widget elementor-widget-image\" data-id=\"03ec063\" data-element_type=\"widget\" data-e-type=\"widget\" data-widget_type=\"image.default\">\n\t\t\t\t<div class=\"elementor-widget-container\">\n\t\t\t\t\t\t\t\t\t\t\t\t\t\t\t<img fetchpriority=\"high\" decoding=\"async\" width=\"1024\" height=\"682\" src=\"https:\/\/www.berlinmotorsteam.de\/wp-content\/uploads\/2020\/09\/BM_Auto_Tuev_Large-1024x682.jpg\" class=\"attachment-large size-large wp-image-1893\" alt=\"\" srcset=\"https:\/\/www.berlinmotorsteam.de\/wp-content\/uploads\/2020\/09\/BM_Auto_Tuev_Large-1024x682.jpg 1024w, https:\/\/www.berlinmotorsteam.de\/wp-content\/uploads\/2020\/09\/BM_Auto_Tuev_Large-300x200.jpg 300w, https:\/\/www.berlinmotorsteam.de\/wp-content\/uploads\/2020\/09\/BM_Auto_Tuev_Large-768x512.jpg 768w, https:\/\/www.berlinmotorsteam.de\/wp-content\/uploads\/2020\/09\/BM_Auto_Tuev_Large-1536x1024.jpg 1536w, https:\/\/www.berlinmotorsteam.de\/wp-content\/uploads\/2020\/09\/BM_Auto_Tuev_Large.jpg 2000w\" sizes=\"(max-width: 1024px) 100vw, 1024px\" \/>\t\t\t\t\t\t\t\t\t\t\t\t\t\t\t<\/div>\n\t\t\t\t<\/div>\n\t\t\t\t\t<\/div>\n\t\t<\/div>\n\t\t\t\t\t<\/div>\n\t\t<\/section>\n\t\t\t\t<section class=\"elementor-section elementor-top-section elementor-element elementor-element-77cbf21 elementor-section-boxed elementor-section-height-default elementor-section-height-default\" data-id=\"77cbf21\" data-element_type=\"section\" data-e-type=\"section\">\n\t\t\t\t\t\t<div class=\"elementor-container elementor-column-gap-default\">\n\t\t\t\t\t<div class=\"elementor-column elementor-col-100 elementor-top-column elementor-element elementor-element-9d160f8\" data-id=\"9d160f8\" data-element_type=\"column\" data-e-type=\"column\">\n\t\t\t<div class=\"elementor-widget-wrap elementor-element-populated\">\n\t\t\t\t\t\t<div class=\"elementor-element elementor-element-ebc0160 elementor-widget elementor-widget-text-editor\" data-id=\"ebc0160\" data-element_type=\"widget\" data-e-type=\"widget\" data-widget_type=\"text-editor.default\">\n\t\t\t\t<div class=\"elementor-widget-container\">\n\t\t\t\t\t\t\t\t\t<h3><b>Services of our workshop:<\/b><\/h3>\n<ul>\n<li>Inspections according to factory specifications&nbsp;<\/li>\n<li>Engine diagnosis<\/li>\n<li>Oil change (with lubricants recommended by the manufacturer)<\/li>\n<li>AU \/ HU acceptance<\/li>\n<li>Vollabnahme (\u00a721 StVZO)<\/li>\n<li>Vintage car report according to \u00a723 StVZO<\/li>\n<li>Homologation<\/li>\n<li>Car electrical system fault diagnosis and reading out error messages from the on-board computer<\/li>\n<li>Maintenance and repair of air conditioning<\/li>\n<li>Repair \/ replacement of exhaust, shock absorbers, clutch and brakes with our own brake test bench<\/li>\n<li>Repairing glass damage<\/li>\n<li>Brake service<\/li>\n<li>Tire service including storage<\/li>\n<li>Car maintenance<\/li>\n<li>Accident repairs<\/li>\n<li>Tuning<\/li>\n<\/ul>\n<p>We install spare parts in original or OEM quality.<\/p>\n<p><b>In addition, we also offer you approval services, painting work, preparation and preparation of reports by selected partners.<\/b><\/p>\t\t\t\t\t\t\t\t<\/div>\n\t\t\t\t<\/div>\n\t\t\t\t\t<\/div>\n\t\t<\/div>\n\t\t\t\t\t<\/div>\n\t\t<\/section>\n\t\t\t\t<\/div>","protected":false},"excerpt":{"rendered":"<p>Unsere Werkstatt betreut\u00a0alle\u00a0Marken, speziell US Fahrzeuge.\u00a0 Vom Reifendienst bis hin zum Unfallschaden und der gesetzlichen AU\/HU (T\u00dcV) reparieren und pr\u00fcfen wir Ihr Auto.\u00a0 Der Meisterbrief und die st\u00e4ndige Fortbildung aller Mechaniker, sowie der Einsatz modernster Technik qualifizieren uns f\u00fcr jede Aufgabe rund um Ihr Fahrzeug! Mit Engagement, Kompetenz und Zuverl\u00e4ssigkeit k\u00fcmmern wir uns um Ihr&hellip;<\/p>","protected":false},"author":3,"featured_media":0,"parent":0,"menu_order":0,"comment_status":"closed","ping_status":"closed","template":"","meta":{"_monsterinsights_skip_tracking":false,"_monsterinsights_sitenote_active":false,"_monsterinsights_sitenote_note":"","_monsterinsights_sitenote_category":0,"footnotes":""},"class_list":["post-1930","page","type-page","status-publish","hentry"],"yoast_head":"<!-- This site is optimized with the Yoast SEO plugin v27.4 - https:\/\/yoast.com\/product\/yoast-seo-wordpress\/ -->\n<title>Werkstattservice | Berlin Motors USC GmbH<\/title>\n<meta name=\"robots\" content=\"index, follow, max-snippet:-1, max-image-preview:large, max-video-preview:-1\" \/>\n<link rel=\"canonical\" href=\"https:\/\/www.berlinmotorsteam.de\/en\/werkstattservice\/\" \/>\n<meta property=\"og:locale\" content=\"en_US\" \/>\n<meta property=\"og:type\" content=\"article\" \/>\n<meta property=\"og:title\" content=\"Werkstattservice | Berlin Motors USC GmbH\" \/>\n<meta property=\"og:description\" content=\"Unsere Werkstatt betreut\u00a0alle\u00a0Marken, speziell US Fahrzeuge.\u00a0 Vom Reifendienst bis hin zum Unfallschaden und der gesetzlichen AU\/HU (T\u00dcV) reparieren und pr\u00fcfen wir Ihr Auto.\u00a0 Der Meisterbrief und die st\u00e4ndige Fortbildung aller Mechaniker, sowie der Einsatz modernster Technik qualifizieren uns f\u00fcr jede Aufgabe rund um Ihr Fahrzeug! Mit Engagement, Kompetenz und Zuverl\u00e4ssigkeit k\u00fcmmern wir uns um Ihr&hellip;\" \/>\n<meta property=\"og:url\" content=\"https:\/\/www.berlinmotorsteam.de\/en\/werkstattservice\/\" \/>\n<meta property=\"og:site_name\" content=\"Berlin Motors USC GmbH\" \/>\n<meta property=\"article:publisher\" content=\"https:\/\/www.facebook.com\/berlinmotors\/\" \/>\n<meta property=\"article:modified_time\" content=\"2020-10-08T14:03:56+00:00\" \/>\n<meta property=\"og:image\" content=\"https:\/\/www.berlinmotorsteam.de\/wp-content\/uploads\/2020\/09\/BM_Auto_Tuev_Large-1024x682.jpg\" \/>\n<meta name=\"twitter:card\" content=\"summary_large_image\" \/>\n<meta name=\"twitter:label1\" content=\"Est. reading time\" \/>\n\t<meta name=\"twitter:data1\" content=\"1 minute\" \/>\n<script type=\"application\/ld+json\" class=\"yoast-schema-graph\">{\"@context\":\"https:\\\/\\\/schema.org\",\"@graph\":[{\"@type\":\"WebPage\",\"@id\":\"https:\\\/\\\/www.berlinmotorsteam.de\\\/werkstattservice\\\/\",\"url\":\"https:\\\/\\\/www.berlinmotorsteam.de\\\/werkstattservice\\\/\",\"name\":\"Werkstattservice | Berlin Motors USC GmbH\",\"isPartOf\":{\"@id\":\"https:\\\/\\\/www.berlinmotorsteam.de\\\/#website\"},\"primaryImageOfPage\":{\"@id\":\"https:\\\/\\\/www.berlinmotorsteam.de\\\/werkstattservice\\\/#primaryimage\"},\"image\":{\"@id\":\"https:\\\/\\\/www.berlinmotorsteam.de\\\/werkstattservice\\\/#primaryimage\"},\"thumbnailUrl\":\"https:\\\/\\\/www.berlinmotorsteam.de\\\/wp-content\\\/uploads\\\/2020\\\/09\\\/BM_Auto_Tuev_Large-1024x682.jpg\",\"datePublished\":\"2020-09-29T09:41:02+00:00\",\"dateModified\":\"2020-10-08T14:03:56+00:00\",\"breadcrumb\":{\"@id\":\"https:\\\/\\\/www.berlinmotorsteam.de\\\/werkstattservice\\\/#breadcrumb\"},\"inLanguage\":\"en-US\",\"potentialAction\":[{\"@type\":\"ReadAction\",\"target\":[\"https:\\\/\\\/www.berlinmotorsteam.de\\\/werkstattservice\\\/\"]}]},{\"@type\":\"ImageObject\",\"inLanguage\":\"en-US\",\"@id\":\"https:\\\/\\\/www.berlinmotorsteam.de\\\/werkstattservice\\\/#primaryimage\",\"url\":\"https:\\\/\\\/www.berlinmotorsteam.de\\\/wp-content\\\/uploads\\\/2020\\\/09\\\/BM_Auto_Tuev_Large-1024x682.jpg\",\"contentUrl\":\"https:\\\/\\\/www.berlinmotorsteam.de\\\/wp-content\\\/uploads\\\/2020\\\/09\\\/BM_Auto_Tuev_Large-1024x682.jpg\"},{\"@type\":\"BreadcrumbList\",\"@id\":\"https:\\\/\\\/www.berlinmotorsteam.de\\\/werkstattservice\\\/#breadcrumb\",\"itemListElement\":[{\"@type\":\"ListItem\",\"position\":1,\"name\":\"Startseite\",\"item\":\"https:\\\/\\\/www.berlinmotorsteam.de\\\/\"},{\"@type\":\"ListItem\",\"position\":2,\"name\":\"Werkstattservice\"}]},{\"@type\":\"WebSite\",\"@id\":\"https:\\\/\\\/www.berlinmotorsteam.de\\\/#website\",\"url\":\"https:\\\/\\\/www.berlinmotorsteam.de\\\/\",\"name\":\"Berlin Motors USC GmbH\",\"description\":\"US CARS, Import, T\u00dcV-Abnahme, Transport, Homologation\",\"publisher\":{\"@id\":\"https:\\\/\\\/www.berlinmotorsteam.de\\\/#organization\"},\"potentialAction\":[{\"@type\":\"SearchAction\",\"target\":{\"@type\":\"EntryPoint\",\"urlTemplate\":\"https:\\\/\\\/www.berlinmotorsteam.de\\\/?s={search_term_string}\"},\"query-input\":{\"@type\":\"PropertyValueSpecification\",\"valueRequired\":true,\"valueName\":\"search_term_string\"}}],\"inLanguage\":\"en-US\"},{\"@type\":\"Organization\",\"@id\":\"https:\\\/\\\/www.berlinmotorsteam.de\\\/#organization\",\"name\":\"Berlin Motors USC GmbH\",\"url\":\"https:\\\/\\\/www.berlinmotorsteam.de\\\/\",\"logo\":{\"@type\":\"ImageObject\",\"inLanguage\":\"en-US\",\"@id\":\"https:\\\/\\\/www.berlinmotorsteam.de\\\/#\\\/schema\\\/logo\\\/image\\\/\",\"url\":\"https:\\\/\\\/www.berlinmotorsteam.de\\\/wp-content\\\/uploads\\\/2020\\\/09\\\/BM-Logo.jpg\",\"contentUrl\":\"https:\\\/\\\/www.berlinmotorsteam.de\\\/wp-content\\\/uploads\\\/2020\\\/09\\\/BM-Logo.jpg\",\"width\":317,\"height\":96,\"caption\":\"Berlin Motors USC GmbH\"},\"image\":{\"@id\":\"https:\\\/\\\/www.berlinmotorsteam.de\\\/#\\\/schema\\\/logo\\\/image\\\/\"},\"sameAs\":[\"https:\\\/\\\/www.facebook.com\\\/berlinmotors\\\/\",\"https:\\\/\\\/www.youtube.com\\\/channel\\\/UCa4GGVt0PC07KuJT-Z47KZw\"]}]}<\/script>\n<!-- \/ Yoast SEO plugin. -->","yoast_head_json":{"title":"Werkstattservice | Berlin Motors USC GmbH","robots":{"index":"index","follow":"follow","max-snippet":"max-snippet:-1","max-image-preview":"max-image-preview:large","max-video-preview":"max-video-preview:-1"},"canonical":"https:\/\/www.berlinmotorsteam.de\/en\/werkstattservice\/","og_locale":"en_US","og_type":"article","og_title":"Werkstattservice | Berlin Motors USC GmbH","og_description":"Unsere Werkstatt betreut\u00a0alle\u00a0Marken, speziell US Fahrzeuge.\u00a0 Vom Reifendienst bis hin zum Unfallschaden und der gesetzlichen AU\/HU (T\u00dcV) reparieren und pr\u00fcfen wir Ihr Auto.\u00a0 Der Meisterbrief und die st\u00e4ndige Fortbildung aller Mechaniker, sowie der Einsatz modernster Technik qualifizieren uns f\u00fcr jede Aufgabe rund um Ihr Fahrzeug! Mit Engagement, Kompetenz und Zuverl\u00e4ssigkeit k\u00fcmmern wir uns um Ihr&hellip;","og_url":"https:\/\/www.berlinmotorsteam.de\/en\/werkstattservice\/","og_site_name":"Berlin Motors USC GmbH","article_publisher":"https:\/\/www.facebook.com\/berlinmotors\/","article_modified_time":"2020-10-08T14:03:56+00:00","og_image":[{"url":"https:\/\/www.berlinmotorsteam.de\/wp-content\/uploads\/2020\/09\/BM_Auto_Tuev_Large-1024x682.jpg","type":"","width":"","height":""}],"twitter_card":"summary_large_image","twitter_misc":{"Est. reading time":"1 minute"},"schema":{"@context":"https:\/\/schema.org","@graph":[{"@type":"WebPage","@id":"https:\/\/www.berlinmotorsteam.de\/werkstattservice\/","url":"https:\/\/www.berlinmotorsteam.de\/werkstattservice\/","name":"Werkstattservice | Berlin Motors USC GmbH","isPartOf":{"@id":"https:\/\/www.berlinmotorsteam.de\/#website"},"primaryImageOfPage":{"@id":"https:\/\/www.berlinmotorsteam.de\/werkstattservice\/#primaryimage"},"image":{"@id":"https:\/\/www.berlinmotorsteam.de\/werkstattservice\/#primaryimage"},"thumbnailUrl":"https:\/\/www.berlinmotorsteam.de\/wp-content\/uploads\/2020\/09\/BM_Auto_Tuev_Large-1024x682.jpg","datePublished":"2020-09-29T09:41:02+00:00","dateModified":"2020-10-08T14:03:56+00:00","breadcrumb":{"@id":"https:\/\/www.berlinmotorsteam.de\/werkstattservice\/#breadcrumb"},"inLanguage":"en-US","potentialAction":[{"@type":"ReadAction","target":["https:\/\/www.berlinmotorsteam.de\/werkstattservice\/"]}]},{"@type":"ImageObject","inLanguage":"en-US","@id":"https:\/\/www.berlinmotorsteam.de\/werkstattservice\/#primaryimage","url":"https:\/\/www.berlinmotorsteam.de\/wp-content\/uploads\/2020\/09\/BM_Auto_Tuev_Large-1024x682.jpg","contentUrl":"https:\/\/www.berlinmotorsteam.de\/wp-content\/uploads\/2020\/09\/BM_Auto_Tuev_Large-1024x682.jpg"},{"@type":"BreadcrumbList","@id":"https:\/\/www.berlinmotorsteam.de\/werkstattservice\/#breadcrumb","itemListElement":[{"@type":"ListItem","position":1,"name":"Startseite","item":"https:\/\/www.berlinmotorsteam.de\/"},{"@type":"ListItem","position":2,"name":"Werkstattservice"}]},{"@type":"WebSite","@id":"https:\/\/www.berlinmotorsteam.de\/#website","url":"https:\/\/www.berlinmotorsteam.de\/","name":"Berlin Motors USC GmbH","description":"US CARS, Import, T\u00dcV-Abnahme, Transport, Homologation","publisher":{"@id":"https:\/\/www.berlinmotorsteam.de\/#organization"},"potentialAction":[{"@type":"SearchAction","target":{"@type":"EntryPoint","urlTemplate":"https:\/\/www.berlinmotorsteam.de\/?s={search_term_string}"},"query-input":{"@type":"PropertyValueSpecification","valueRequired":true,"valueName":"search_term_string"}}],"inLanguage":"en-US"},{"@type":"Organization","@id":"https:\/\/www.berlinmotorsteam.de\/#organization","name":"Berlin Motors USC GmbH","url":"https:\/\/www.berlinmotorsteam.de\/","logo":{"@type":"ImageObject","inLanguage":"en-US","@id":"https:\/\/www.berlinmotorsteam.de\/#\/schema\/logo\/image\/","url":"https:\/\/www.berlinmotorsteam.de\/wp-content\/uploads\/2020\/09\/BM-Logo.jpg","contentUrl":"https:\/\/www.berlinmotorsteam.de\/wp-content\/uploads\/2020\/09\/BM-Logo.jpg","width":317,"height":96,"caption":"Berlin Motors USC GmbH"},"image":{"@id":"https:\/\/www.berlinmotorsteam.de\/#\/schema\/logo\/image\/"},"sameAs":["https:\/\/www.facebook.com\/berlinmotors\/","https:\/\/www.youtube.com\/channel\/UCa4GGVt0PC07KuJT-Z47KZw"]}]}},"_links":{"self":[{"href":"https:\/\/www.berlinmotorsteam.de\/en\/wp-json\/wp\/v2\/pages\/1930","targetHints":{"allow":["GET"]}}],"collection":[{"href":"https:\/\/www.berlinmotorsteam.de\/en\/wp-json\/wp\/v2\/pages"}],"about":[{"href":"https:\/\/www.berlinmotorsteam.de\/en\/wp-json\/wp\/v2\/types\/page"}],"author":[{"embeddable":true,"href":"https:\/\/www.berlinmotorsteam.de\/en\/wp-json\/wp\/v2\/users\/3"}],"replies":[{"embeddable":true,"href":"https:\/\/www.berlinmotorsteam.de\/en\/wp-json\/wp\/v2\/comments?post=1930"}],"version-history":[{"count":7,"href":"https:\/\/www.berlinmotorsteam.de\/en\/wp-json\/wp\/v2\/pages\/1930\/revisions"}],"predecessor-version":[{"id":2051,"href":"https:\/\/www.berlinmotorsteam.de\/en\/wp-json\/wp\/v2\/pages\/1930\/revisions\/2051"}],"wp:attachment":[{"href":"https:\/\/www.berlinmotorsteam.de\/en\/wp-json\/wp\/v2\/media?parent=1930"}],"curies":[{"name":"wp","href":"https:\/\/api.w.org\/{rel}","templated":true}]}}