{"id":1875,"date":"2020-09-21T21:01:27","date_gmt":"2020-09-21T21:01:27","guid":{"rendered":"https:\/\/www.berlinmotorsteam.de\/?page_id=1875"},"modified":"2020-09-29T12:43:20","modified_gmt":"2020-09-29T12:43:20","slug":"kaufabwicklung-treuhandservice","status":"publish","type":"page","link":"https:\/\/www.berlinmotorsteam.de\/en\/kaufabwicklung-treuhandservice\/","title":{"rendered":"Purchase transaction \/ escrow service"},"content":{"rendered":"<div data-elementor-type=\"wp-page\" data-elementor-id=\"1875\" class=\"elementor elementor-1875\" data-elementor-post-type=\"page\">\n\t\t\t\t\t\t<section class=\"elementor-section elementor-top-section elementor-element elementor-element-47501ff elementor-section-boxed elementor-section-height-default elementor-section-height-default\" data-id=\"47501ff\" data-element_type=\"section\" data-e-type=\"section\">\n\t\t\t\t\t\t<div class=\"elementor-container elementor-column-gap-default\">\n\t\t\t\t\t<div class=\"elementor-column elementor-col-50 elementor-top-column elementor-element elementor-element-377d6df\" data-id=\"377d6df\" data-element_type=\"column\" data-e-type=\"column\">\n\t\t\t<div class=\"elementor-widget-wrap elementor-element-populated\">\n\t\t\t\t\t\t<div class=\"elementor-element elementor-element-089895b elementor-widget elementor-widget-text-editor\" data-id=\"089895b\" data-element_type=\"widget\" data-e-type=\"widget\" data-widget_type=\"text-editor.default\">\n\t\t\t\t<div class=\"elementor-widget-container\">\n\t\t\t\t\t\t\t\t\t<h4><span style=\"font-weight: 400;\">Are you looking for your dream car?<\/span><\/h4><p><span style=\"font-weight: 400;\">We search and find it for you.\u00a0<\/span><\/p><h4><span style=\"font-weight: 400;\">Have you already found your dream car?\u00a0<\/span><\/h4><p><span style=\"font-weight: 400;\">Let us know, we will take over the payment of the seller and, thanks to 10 years of experience, process the purchase professionally on your behalf.\u00a0<\/span><\/p><p><span style=\"font-weight: 400;\">We check the buyer, sales contract, title, VIN number and also ensure that all export \/ import-related papers are present. Every purchase is insured, you will either receive your vehicle or, if it does not materialize, the purchase amount will be refunded. So you have no risk of falling for fraud.<\/span><\/p><p><span style=\"font-weight: 400;\">We will keep you informed about all steps and accompany you through the entire purchase process until the vehicle is with you.<\/span><\/p>\t\t\t\t\t\t\t\t<\/div>\n\t\t\t\t<\/div>\n\t\t\t\t<div class=\"elementor-element elementor-element-029c146 elementor-widget elementor-widget-button\" data-id=\"029c146\" data-element_type=\"widget\" data-e-type=\"widget\" data-widget_type=\"button.default\">\n\t\t\t\t<div class=\"elementor-widget-container\">\n\t\t\t\t\t\t\t\t\t<div class=\"elementor-button-wrapper\">\n\t\t\t\t\t<a class=\"elementor-button elementor-button-link elementor-size-md\" href=\"https:\/\/www.berlinmotorsteam.de\/en\/kaufabwicklung-treuhandservice\/\">\n\t\t\t\t\t\t<span class=\"elementor-button-content-wrapper\">\n\t\t\t\t\t\t\t\t\t<span class=\"elementor-button-text\">Contact us now<\/span>\n\t\t\t\t\t<\/span>\n\t\t\t\t\t<\/a>\n\t\t\t\t<\/div>\n\t\t\t\t\t\t\t\t<\/div>\n\t\t\t\t<\/div>\n\t\t\t\t\t<\/div>\n\t\t<\/div>\n\t\t\t\t<div class=\"elementor-column elementor-col-50 elementor-top-column elementor-element elementor-element-e291232\" data-id=\"e291232\" data-element_type=\"column\" data-e-type=\"column\">\n\t\t\t<div class=\"elementor-widget-wrap elementor-element-populated\">\n\t\t\t\t\t\t<div class=\"elementor-element elementor-element-1a16afe elementor-widget__width-initial elementor-widget elementor-widget-image\" data-id=\"1a16afe\" data-element_type=\"widget\" data-e-type=\"widget\" data-widget_type=\"image.default\">\n\t\t\t\t<div class=\"elementor-widget-container\">\n\t\t\t\t\t\t\t\t\t\t\t\t\t\t\t<img fetchpriority=\"high\" decoding=\"async\" width=\"768\" height=\"1024\" src=\"https:\/\/www.berlinmotorsteam.de\/wp-content\/uploads\/2020\/09\/Treuhandservice-768x1024.jpg\" class=\"attachment-medium_large size-medium_large wp-image-1985\" alt=\"\" srcset=\"https:\/\/www.berlinmotorsteam.de\/wp-content\/uploads\/2020\/09\/Treuhandservice-768x1024.jpg 768w, https:\/\/www.berlinmotorsteam.de\/wp-content\/uploads\/2020\/09\/Treuhandservice-225x300.jpg 225w, https:\/\/www.berlinmotorsteam.de\/wp-content\/uploads\/2020\/09\/Treuhandservice-1152x1536.jpg 1152w, https:\/\/www.berlinmotorsteam.de\/wp-content\/uploads\/2020\/09\/Treuhandservice-1536x2048.jpg 1536w, https:\/\/www.berlinmotorsteam.de\/wp-content\/uploads\/2020\/09\/Treuhandservice-scaled.jpg 1920w\" sizes=\"(max-width: 768px) 100vw, 768px\" \/>\t\t\t\t\t\t\t\t\t\t\t\t\t\t\t<\/div>\n\t\t\t\t<\/div>\n\t\t\t\t\t<\/div>\n\t\t<\/div>\n\t\t\t\t\t<\/div>\n\t\t<\/section>\n\t\t\t\t<\/div>","protected":false},"excerpt":{"rendered":"<p>Sie sind auf der Suche nach Ihrem Traumauto? Wir suchen und finden es f\u00fcr Sie.\u00a0 Sie haben Ihr Traumauto schon gefunden?\u00a0 Geben Sie uns Bescheid, wir \u00fcbernehmen die Bezahlung des Verk\u00e4ufers und wickeln den Kauf, dank 10j\u00e4hriger Erfahrung, professionell in Ihrem Auftrag ab.\u00a0 Wir \u00fcberpr\u00fcfen K\u00e4ufer, Kaufvertrag, Title, VIN Nummer und stellen zus\u00e4tzlich sicher, dass&hellip;<\/p>","protected":false},"author":3,"featured_media":0,"parent":0,"menu_order":0,"comment_status":"closed","ping_status":"closed","template":"","meta":{"_monsterinsights_skip_tracking":false,"_monsterinsights_sitenote_active":false,"_monsterinsights_sitenote_note":"","_monsterinsights_sitenote_category":0,"footnotes":""},"class_list":["post-1875","page","type-page","status-publish","hentry"],"yoast_head":"<!-- This site is optimized with the Yoast SEO plugin v27.4 - https:\/\/yoast.com\/product\/yoast-seo-wordpress\/ -->\n<title>Kaufabwicklung \/ Treuhandservice | Berlin Motors USC GmbH<\/title>\n<meta name=\"robots\" content=\"index, follow, max-snippet:-1, max-image-preview:large, max-video-preview:-1\" \/>\n<link rel=\"canonical\" href=\"https:\/\/www.berlinmotorsteam.de\/en\/kaufabwicklung-treuhandservice\/\" \/>\n<meta property=\"og:locale\" content=\"en_US\" \/>\n<meta property=\"og:type\" content=\"article\" \/>\n<meta property=\"og:title\" content=\"Kaufabwicklung \/ Treuhandservice | Berlin Motors USC GmbH\" \/>\n<meta property=\"og:description\" content=\"Sie sind auf der Suche nach Ihrem Traumauto? Wir suchen und finden es f\u00fcr Sie.\u00a0 Sie haben Ihr Traumauto schon gefunden?\u00a0 Geben Sie uns Bescheid, wir \u00fcbernehmen die Bezahlung des Verk\u00e4ufers und wickeln den Kauf, dank 10j\u00e4hriger Erfahrung, professionell in Ihrem Auftrag ab.\u00a0 Wir \u00fcberpr\u00fcfen K\u00e4ufer, Kaufvertrag, Title, VIN Nummer und stellen zus\u00e4tzlich sicher, dass&hellip;\" \/>\n<meta property=\"og:url\" content=\"https:\/\/www.berlinmotorsteam.de\/en\/kaufabwicklung-treuhandservice\/\" \/>\n<meta property=\"og:site_name\" content=\"Berlin Motors USC GmbH\" \/>\n<meta property=\"article:publisher\" content=\"https:\/\/www.facebook.com\/berlinmotors\/\" \/>\n<meta property=\"article:modified_time\" content=\"2020-09-29T12:43:20+00:00\" \/>\n<meta property=\"og:image\" content=\"https:\/\/www.berlinmotorsteam.de\/wp-content\/uploads\/2020\/09\/Treuhandservice-768x1024.jpg\" \/>\n<meta name=\"twitter:card\" content=\"summary_large_image\" \/>\n<meta name=\"twitter:label1\" content=\"Est. reading time\" \/>\n\t<meta name=\"twitter:data1\" content=\"1 minute\" \/>\n<script type=\"application\/ld+json\" class=\"yoast-schema-graph\">{\"@context\":\"https:\\\/\\\/schema.org\",\"@graph\":[{\"@type\":\"WebPage\",\"@id\":\"https:\\\/\\\/www.berlinmotorsteam.de\\\/en\\\/kaufabwicklung-treuhandservice\\\/\",\"url\":\"https:\\\/\\\/www.berlinmotorsteam.de\\\/en\\\/kaufabwicklung-treuhandservice\\\/\",\"name\":\"Kaufabwicklung \\\/ Treuhandservice | Berlin Motors USC GmbH\",\"isPartOf\":{\"@id\":\"https:\\\/\\\/www.berlinmotorsteam.de\\\/#website\"},\"primaryImageOfPage\":{\"@id\":\"https:\\\/\\\/www.berlinmotorsteam.de\\\/en\\\/kaufabwicklung-treuhandservice\\\/#primaryimage\"},\"image\":{\"@id\":\"https:\\\/\\\/www.berlinmotorsteam.de\\\/en\\\/kaufabwicklung-treuhandservice\\\/#primaryimage\"},\"thumbnailUrl\":\"https:\\\/\\\/www.berlinmotorsteam.de\\\/wp-content\\\/uploads\\\/2020\\\/09\\\/Treuhandservice-768x1024.jpg\",\"datePublished\":\"2020-09-21T21:01:27+00:00\",\"dateModified\":\"2020-09-29T12:43:20+00:00\",\"breadcrumb\":{\"@id\":\"https:\\\/\\\/www.berlinmotorsteam.de\\\/en\\\/kaufabwicklung-treuhandservice\\\/#breadcrumb\"},\"inLanguage\":\"en-US\",\"potentialAction\":[{\"@type\":\"ReadAction\",\"target\":[\"https:\\\/\\\/www.berlinmotorsteam.de\\\/en\\\/kaufabwicklung-treuhandservice\\\/\"]}]},{\"@type\":\"ImageObject\",\"inLanguage\":\"en-US\",\"@id\":\"https:\\\/\\\/www.berlinmotorsteam.de\\\/en\\\/kaufabwicklung-treuhandservice\\\/#primaryimage\",\"url\":\"https:\\\/\\\/www.berlinmotorsteam.de\\\/wp-content\\\/uploads\\\/2020\\\/09\\\/Treuhandservice-768x1024.jpg\",\"contentUrl\":\"https:\\\/\\\/www.berlinmotorsteam.de\\\/wp-content\\\/uploads\\\/2020\\\/09\\\/Treuhandservice-768x1024.jpg\"},{\"@type\":\"BreadcrumbList\",\"@id\":\"https:\\\/\\\/www.berlinmotorsteam.de\\\/en\\\/kaufabwicklung-treuhandservice\\\/#breadcrumb\",\"itemListElement\":[{\"@type\":\"ListItem\",\"position\":1,\"name\":\"Startseite\",\"item\":\"https:\\\/\\\/www.berlinmotorsteam.de\\\/\"},{\"@type\":\"ListItem\",\"position\":2,\"name\":\"Kaufabwicklung \\\/ Treuhandservice\"}]},{\"@type\":\"WebSite\",\"@id\":\"https:\\\/\\\/www.berlinmotorsteam.de\\\/#website\",\"url\":\"https:\\\/\\\/www.berlinmotorsteam.de\\\/\",\"name\":\"Berlin Motors USC GmbH\",\"description\":\"US CARS, Import, T\u00dcV-Abnahme, Transport, Homologation\",\"publisher\":{\"@id\":\"https:\\\/\\\/www.berlinmotorsteam.de\\\/#organization\"},\"potentialAction\":[{\"@type\":\"SearchAction\",\"target\":{\"@type\":\"EntryPoint\",\"urlTemplate\":\"https:\\\/\\\/www.berlinmotorsteam.de\\\/?s={search_term_string}\"},\"query-input\":{\"@type\":\"PropertyValueSpecification\",\"valueRequired\":true,\"valueName\":\"search_term_string\"}}],\"inLanguage\":\"en-US\"},{\"@type\":\"Organization\",\"@id\":\"https:\\\/\\\/www.berlinmotorsteam.de\\\/#organization\",\"name\":\"Berlin Motors USC GmbH\",\"url\":\"https:\\\/\\\/www.berlinmotorsteam.de\\\/\",\"logo\":{\"@type\":\"ImageObject\",\"inLanguage\":\"en-US\",\"@id\":\"https:\\\/\\\/www.berlinmotorsteam.de\\\/#\\\/schema\\\/logo\\\/image\\\/\",\"url\":\"https:\\\/\\\/www.berlinmotorsteam.de\\\/wp-content\\\/uploads\\\/2020\\\/09\\\/BM-Logo.jpg\",\"contentUrl\":\"https:\\\/\\\/www.berlinmotorsteam.de\\\/wp-content\\\/uploads\\\/2020\\\/09\\\/BM-Logo.jpg\",\"width\":317,\"height\":96,\"caption\":\"Berlin Motors USC GmbH\"},\"image\":{\"@id\":\"https:\\\/\\\/www.berlinmotorsteam.de\\\/#\\\/schema\\\/logo\\\/image\\\/\"},\"sameAs\":[\"https:\\\/\\\/www.facebook.com\\\/berlinmotors\\\/\",\"https:\\\/\\\/www.youtube.com\\\/channel\\\/UCa4GGVt0PC07KuJT-Z47KZw\"]}]}<\/script>\n<!-- \/ Yoast SEO plugin. -->","yoast_head_json":{"title":"Kaufabwicklung \/ Treuhandservice | Berlin Motors USC GmbH","robots":{"index":"index","follow":"follow","max-snippet":"max-snippet:-1","max-image-preview":"max-image-preview:large","max-video-preview":"max-video-preview:-1"},"canonical":"https:\/\/www.berlinmotorsteam.de\/en\/kaufabwicklung-treuhandservice\/","og_locale":"en_US","og_type":"article","og_title":"Kaufabwicklung \/ Treuhandservice | Berlin Motors USC GmbH","og_description":"Sie sind auf der Suche nach Ihrem Traumauto? Wir suchen und finden es f\u00fcr Sie.\u00a0 Sie haben Ihr Traumauto schon gefunden?\u00a0 Geben Sie uns Bescheid, wir \u00fcbernehmen die Bezahlung des Verk\u00e4ufers und wickeln den Kauf, dank 10j\u00e4hriger Erfahrung, professionell in Ihrem Auftrag ab.\u00a0 Wir \u00fcberpr\u00fcfen K\u00e4ufer, Kaufvertrag, Title, VIN Nummer und stellen zus\u00e4tzlich sicher, dass&hellip;","og_url":"https:\/\/www.berlinmotorsteam.de\/en\/kaufabwicklung-treuhandservice\/","og_site_name":"Berlin Motors USC GmbH","article_publisher":"https:\/\/www.facebook.com\/berlinmotors\/","article_modified_time":"2020-09-29T12:43:20+00:00","og_image":[{"url":"https:\/\/www.berlinmotorsteam.de\/wp-content\/uploads\/2020\/09\/Treuhandservice-768x1024.jpg","type":"","width":"","height":""}],"twitter_card":"summary_large_image","twitter_misc":{"Est. reading time":"1 minute"},"schema":{"@context":"https:\/\/schema.org","@graph":[{"@type":"WebPage","@id":"https:\/\/www.berlinmotorsteam.de\/en\/kaufabwicklung-treuhandservice\/","url":"https:\/\/www.berlinmotorsteam.de\/en\/kaufabwicklung-treuhandservice\/","name":"Kaufabwicklung \/ Treuhandservice | Berlin Motors USC GmbH","isPartOf":{"@id":"https:\/\/www.berlinmotorsteam.de\/#website"},"primaryImageOfPage":{"@id":"https:\/\/www.berlinmotorsteam.de\/en\/kaufabwicklung-treuhandservice\/#primaryimage"},"image":{"@id":"https:\/\/www.berlinmotorsteam.de\/en\/kaufabwicklung-treuhandservice\/#primaryimage"},"thumbnailUrl":"https:\/\/www.berlinmotorsteam.de\/wp-content\/uploads\/2020\/09\/Treuhandservice-768x1024.jpg","datePublished":"2020-09-21T21:01:27+00:00","dateModified":"2020-09-29T12:43:20+00:00","breadcrumb":{"@id":"https:\/\/www.berlinmotorsteam.de\/en\/kaufabwicklung-treuhandservice\/#breadcrumb"},"inLanguage":"en-US","potentialAction":[{"@type":"ReadAction","target":["https:\/\/www.berlinmotorsteam.de\/en\/kaufabwicklung-treuhandservice\/"]}]},{"@type":"ImageObject","inLanguage":"en-US","@id":"https:\/\/www.berlinmotorsteam.de\/en\/kaufabwicklung-treuhandservice\/#primaryimage","url":"https:\/\/www.berlinmotorsteam.de\/wp-content\/uploads\/2020\/09\/Treuhandservice-768x1024.jpg","contentUrl":"https:\/\/www.berlinmotorsteam.de\/wp-content\/uploads\/2020\/09\/Treuhandservice-768x1024.jpg"},{"@type":"BreadcrumbList","@id":"https:\/\/www.berlinmotorsteam.de\/en\/kaufabwicklung-treuhandservice\/#breadcrumb","itemListElement":[{"@type":"ListItem","position":1,"name":"Startseite","item":"https:\/\/www.berlinmotorsteam.de\/"},{"@type":"ListItem","position":2,"name":"Kaufabwicklung \/ Treuhandservice"}]},{"@type":"WebSite","@id":"https:\/\/www.berlinmotorsteam.de\/#website","url":"https:\/\/www.berlinmotorsteam.de\/","name":"Berlin Motors USC GmbH","description":"US CARS, Import, T\u00dcV-Abnahme, Transport, Homologation","publisher":{"@id":"https:\/\/www.berlinmotorsteam.de\/#organization"},"potentialAction":[{"@type":"SearchAction","target":{"@type":"EntryPoint","urlTemplate":"https:\/\/www.berlinmotorsteam.de\/?s={search_term_string}"},"query-input":{"@type":"PropertyValueSpecification","valueRequired":true,"valueName":"search_term_string"}}],"inLanguage":"en-US"},{"@type":"Organization","@id":"https:\/\/www.berlinmotorsteam.de\/#organization","name":"Berlin Motors USC GmbH","url":"https:\/\/www.berlinmotorsteam.de\/","logo":{"@type":"ImageObject","inLanguage":"en-US","@id":"https:\/\/www.berlinmotorsteam.de\/#\/schema\/logo\/image\/","url":"https:\/\/www.berlinmotorsteam.de\/wp-content\/uploads\/2020\/09\/BM-Logo.jpg","contentUrl":"https:\/\/www.berlinmotorsteam.de\/wp-content\/uploads\/2020\/09\/BM-Logo.jpg","width":317,"height":96,"caption":"Berlin Motors USC GmbH"},"image":{"@id":"https:\/\/www.berlinmotorsteam.de\/#\/schema\/logo\/image\/"},"sameAs":["https:\/\/www.facebook.com\/berlinmotors\/","https:\/\/www.youtube.com\/channel\/UCa4GGVt0PC07KuJT-Z47KZw"]}]}},"_links":{"self":[{"href":"https:\/\/www.berlinmotorsteam.de\/en\/wp-json\/wp\/v2\/pages\/1875","targetHints":{"allow":["GET"]}}],"collection":[{"href":"https:\/\/www.berlinmotorsteam.de\/en\/wp-json\/wp\/v2\/pages"}],"about":[{"href":"https:\/\/www.berlinmotorsteam.de\/en\/wp-json\/wp\/v2\/types\/page"}],"author":[{"embeddable":true,"href":"https:\/\/www.berlinmotorsteam.de\/en\/wp-json\/wp\/v2\/users\/3"}],"replies":[{"embeddable":true,"href":"https:\/\/www.berlinmotorsteam.de\/en\/wp-json\/wp\/v2\/comments?post=1875"}],"version-history":[{"count":8,"href":"https:\/\/www.berlinmotorsteam.de\/en\/wp-json\/wp\/v2\/pages\/1875\/revisions"}],"predecessor-version":[{"id":1989,"href":"https:\/\/www.berlinmotorsteam.de\/en\/wp-json\/wp\/v2\/pages\/1875\/revisions\/1989"}],"wp:attachment":[{"href":"https:\/\/www.berlinmotorsteam.de\/en\/wp-json\/wp\/v2\/media?parent=1875"}],"curies":[{"name":"wp","href":"https:\/\/api.w.org\/{rel}","templated":true}]}}