{"id":1871,"date":"2020-09-21T20:52:47","date_gmt":"2020-09-21T20:52:47","guid":{"rendered":"https:\/\/www.berlinmotorsteam.de\/?page_id=1871"},"modified":"2020-10-22T15:12:10","modified_gmt":"2020-10-22T14:12:10","slug":"homologation-vollabnahme","status":"publish","type":"page","link":"https:\/\/www.berlinmotorsteam.de\/en\/homologation-vollabnahme\/","title":{"rendered":"Homologation \/\/ Vollabnahme"},"content":{"rendered":"<div data-elementor-type=\"wp-page\" data-elementor-id=\"1871\" class=\"elementor elementor-1871\" data-elementor-post-type=\"page\">\n\t\t\t\t\t\t<section class=\"elementor-section elementor-top-section elementor-element elementor-element-0c8032e elementor-section-boxed elementor-section-height-default elementor-section-height-default\" data-id=\"0c8032e\" data-element_type=\"section\" data-e-type=\"section\">\n\t\t\t\t\t\t<div class=\"elementor-container elementor-column-gap-default\">\n\t\t\t\t\t<div class=\"elementor-column elementor-col-50 elementor-top-column elementor-element elementor-element-eb3323f\" data-id=\"eb3323f\" data-element_type=\"column\" data-e-type=\"column\">\n\t\t\t<div class=\"elementor-widget-wrap elementor-element-populated\">\n\t\t\t\t\t\t<div class=\"elementor-element elementor-element-fd0d3fc elementor-widget elementor-widget-text-editor\" data-id=\"fd0d3fc\" data-element_type=\"widget\" data-e-type=\"widget\" data-widget_type=\"text-editor.default\">\n\t\t\t\t<div class=\"elementor-widget-container\">\n\t\t\t\t\t\t\t\t\t<p><span style=\"font-size: 13.999999999999998pt; font-family: Roboto,sans-serif; color: #333333; background-color: transparent; font-weight: bold; font-style: normal; font-variant: normal; text-decoration: none; vertical-align: baseline; white-space: pre-wrap;\">Retrofitting \/ conversion work for imported vehicles, especially US vehicles.<\/span><\/p><p>\u00a0<\/p><p dir=\"ltr\">The conversion of US vehicles to European standards is inevitable in Germany. All vehicles from non-EU countries - especially the USA - differ in many components from the permissible European standard, which is why imported vehicles must first be converted to the European standard. First and foremost, this concerns lighting, compliance with exhaust gas and noise regulations and safety regulations. Regardless of whether it is a vintage, youngtimer or new vehicle, we will help you to get your vehicle including full acceptance on the German roads.<\/p>\t\t\t\t\t\t\t\t<\/div>\n\t\t\t\t<\/div>\n\t\t\t\t\t<\/div>\n\t\t<\/div>\n\t\t\t\t<div class=\"elementor-column elementor-col-50 elementor-top-column elementor-element elementor-element-1886b66\" data-id=\"1886b66\" data-element_type=\"column\" data-e-type=\"column\">\n\t\t\t<div class=\"elementor-widget-wrap elementor-element-populated\">\n\t\t\t\t\t\t<div class=\"elementor-element elementor-element-55e4724 elementor-widget elementor-widget-image\" data-id=\"55e4724\" data-element_type=\"widget\" data-e-type=\"widget\" data-widget_type=\"image.default\">\n\t\t\t\t<div class=\"elementor-widget-container\">\n\t\t\t\t\t\t\t\t\t\t\t\t\t\t\t<img fetchpriority=\"high\" decoding=\"async\" width=\"1024\" height=\"683\" src=\"https:\/\/www.berlinmotorsteam.de\/wp-content\/uploads\/2020\/09\/AdobeStock_251452017-1024x683.jpeg\" class=\"attachment-large size-large wp-image-1890\" alt=\"\" srcset=\"https:\/\/www.berlinmotorsteam.de\/wp-content\/uploads\/2020\/09\/AdobeStock_251452017-1024x683.jpeg 1024w, https:\/\/www.berlinmotorsteam.de\/wp-content\/uploads\/2020\/09\/AdobeStock_251452017-300x200.jpeg 300w, https:\/\/www.berlinmotorsteam.de\/wp-content\/uploads\/2020\/09\/AdobeStock_251452017-768x512.jpeg 768w, https:\/\/www.berlinmotorsteam.de\/wp-content\/uploads\/2020\/09\/AdobeStock_251452017-1536x1024.jpeg 1536w, https:\/\/www.berlinmotorsteam.de\/wp-content\/uploads\/2020\/09\/AdobeStock_251452017-2048x1365.jpeg 2048w\" sizes=\"(max-width: 1024px) 100vw, 1024px\" \/>\t\t\t\t\t\t\t\t\t\t\t\t\t\t\t<\/div>\n\t\t\t\t<\/div>\n\t\t\t\t\t<\/div>\n\t\t<\/div>\n\t\t\t\t\t<\/div>\n\t\t<\/section>\n\t\t\t\t<section class=\"elementor-section elementor-top-section elementor-element elementor-element-73b08d3 elementor-section-boxed elementor-section-height-default elementor-section-height-default\" data-id=\"73b08d3\" data-element_type=\"section\" data-e-type=\"section\">\n\t\t\t\t\t\t<div class=\"elementor-container elementor-column-gap-default\">\n\t\t\t\t\t<div class=\"elementor-column elementor-col-100 elementor-top-column elementor-element elementor-element-02cda2d\" data-id=\"02cda2d\" data-element_type=\"column\" data-e-type=\"column\">\n\t\t\t<div class=\"elementor-widget-wrap elementor-element-populated\">\n\t\t\t\t\t\t<div class=\"elementor-element elementor-element-37c66e9 elementor-widget elementor-widget-text-editor\" data-id=\"37c66e9\" data-element_type=\"widget\" data-e-type=\"widget\" data-widget_type=\"text-editor.default\">\n\t\t\t\t<div class=\"elementor-widget-container\">\n\t\t\t\t\t\t\t\t\t<p><span style=\"font-weight: 400;\">In order to allow vehicles from abroad (third country) in Germany, a technical conversion and a full acceptance according to \u00a721 StVZO is necessary. The full acceptance according to \u00a721 is to be applied to all vehicles that have already been registered and are therefore no longer new vehicles. Vehicles that are not intended for the European market do not have a type approval and cannot easily be registered in Germany.<\/span><\/p><p><span style=\"font-weight: 400;\">An application for an operating permit must therefore be made at the licensing authority. At the same time as the application is submitted, the report of an officially recognized expert must be submitted. This report contains a very extensive and precise description of the vehicle's technology. The report must contain a technical description of the vehicle to the same extent that is required for the issue of the vehicle registration document. This means that a large number of individual reports have to be drawn up, which relate, among other things, to the exhaust gas behavior, the braking performance, the operating noises (stationary and driving noises), the lighting technology and the electromagnetic compatibility. A data sheet is then created from all of these individual reports \/ certificates, which forms the general basis for the acceptance. If the vehicle does not comply with the applicable regulations, additional exemption permits must be applied for.<\/span><\/p>\t\t\t\t\t\t\t\t<\/div>\n\t\t\t\t<\/div>\n\t\t\t\t\t<\/div>\n\t\t<\/div>\n\t\t\t\t\t<\/div>\n\t\t<\/section>\n\t\t\t\t<section class=\"elementor-section elementor-top-section elementor-element elementor-element-3269e7a elementor-section-boxed elementor-section-height-default elementor-section-height-default\" data-id=\"3269e7a\" data-element_type=\"section\" data-e-type=\"section\">\n\t\t\t\t\t\t<div class=\"elementor-container elementor-column-gap-default\">\n\t\t\t\t\t<div class=\"elementor-column elementor-col-33 elementor-top-column elementor-element elementor-element-24fbdb8\" data-id=\"24fbdb8\" data-element_type=\"column\" data-e-type=\"column\">\n\t\t\t<div class=\"elementor-widget-wrap elementor-element-populated\">\n\t\t\t\t\t\t<div class=\"elementor-element elementor-element-0c0cf54 elementor-widget elementor-widget-text-editor\" data-id=\"0c0cf54\" data-element_type=\"widget\" data-e-type=\"widget\" data-widget_type=\"text-editor.default\">\n\t\t\t\t<div class=\"elementor-widget-container\">\n\t\t\t\t\t\t\t\t\t<h3>The following technical modifications must always be carried out:<\/h3><p><span style=\"font-weight: 400;\">Parking light white (parking light orange no longer permitted)<\/span><\/p><p><span style=\"font-weight: 400;\">Orange indicators (red indicators are not permitted from model year 81)<\/span><\/p><p><span style=\"font-weight: 400;\">Rear fog light with control switch in the driver's field of vision<\/span><\/p><p><span style=\"font-weight: 400;\">Replacement of the main headlights if the E label is missing or<\/span><\/p><p><span style=\"font-weight: 400;\">Evidence from a lighting expert opinion<\/span><\/p><p><span style=\"font-weight: 400;\">In the case of xenon main headlights, retrofitting a headlight cleaning system and, in some cases, headlight range adjustment is mandatory.<\/span><\/p><p><span style=\"font-weight: 400;\">Drive in the chassis number on the passenger side ((front carrier)<\/span><\/p><p>\u00a0<\/p>\t\t\t\t\t\t\t\t<\/div>\n\t\t\t\t<\/div>\n\t\t\t\t\t<\/div>\n\t\t<\/div>\n\t\t\t\t<div class=\"elementor-column elementor-col-33 elementor-top-column elementor-element elementor-element-6ea09d6\" data-id=\"6ea09d6\" data-element_type=\"column\" data-e-type=\"column\">\n\t\t\t<div class=\"elementor-widget-wrap elementor-element-populated\">\n\t\t\t\t\t\t<div class=\"elementor-element elementor-element-30c768a elementor-widget elementor-widget-text-editor\" data-id=\"30c768a\" data-element_type=\"widget\" data-e-type=\"widget\" data-widget_type=\"text-editor.default\">\n\t\t\t\t<div class=\"elementor-widget-container\">\n\t\t\t\t\t\t\t\t\t<h4><span style=\"font-weight: 400;\">Which reports \/ certificates are generally required:<\/span><\/h4><p><b>Emissions certificate<\/b><\/p><p><span style=\"font-weight: 400;\">(tested according to Directive 70\/220 \/ EEC or Regulation (EU) 715\/2007 in the respectively valid versions)<\/span><\/p><p class=\"translation-block\"><b> Lighting technical report <\/b> <span style=\"font-weight: 400\"> for lighting equipment without E-approval <\/span><\/p><p><span style=\"font-weight: 400;\">(Gutachten des akkreditierten lichttechnischen Labors)<\/span><\/p><p class=\"translation-block\"><b> EMC certificate <\/b> <span style=\"font-weight: 400\"> (electromagnetic compatibility) from year of manufacture 2002 <\/span><\/p><p><span style=\"font-weight: 400;\">(tested according to guideline 72\/245 in the currently valid version)<\/span><\/p><p><b>Brake report<\/b><\/p><p><span style=\"font-weight: 400;\">(checked according to 71\/320 \/ EEC or VdT\u00dcV Merkbl. 754 in conjunction with \u00a741 StVZO)<\/span><\/p><p><b>Noise reports<\/b><\/p><p><span style=\"font-weight: 400;\">(tested according to Directive 70\/157 \/ EEC in the currently valid version)<\/span><\/p><p>\u00a0<\/p>\t\t\t\t\t\t\t\t<\/div>\n\t\t\t\t<\/div>\n\t\t\t\t\t<\/div>\n\t\t<\/div>\n\t\t\t\t<div class=\"elementor-column elementor-col-33 elementor-top-column elementor-element elementor-element-3693244\" data-id=\"3693244\" data-element_type=\"column\" data-e-type=\"column\">\n\t\t\t<div class=\"elementor-widget-wrap elementor-element-populated\">\n\t\t\t\t\t\t<div class=\"elementor-element elementor-element-10fc445 elementor-widget elementor-widget-text-editor\" data-id=\"10fc445\" data-element_type=\"widget\" data-e-type=\"widget\" data-widget_type=\"text-editor.default\">\n\t\t\t\t<div class=\"elementor-widget-container\">\n\t\t\t\t\t\t\t\t\t<p><b>Performance \/ maximum speed \/ dimensions \/ weights \/ tires<\/b><\/p><p><span style=\"font-weight: 400;\">.. important for importing cars. The term homologation is becoming increasingly important, especially for the automotive industry. To be eligible for approval, vehicles must be configured in such a way that they comply with country-specific legal requirements.<\/span><\/p><p><span style=\"font-weight: 400;\">Today's challenge for the automotive industry is mainly to meet numerous emission regulations. The regulations are very different around the world. While some countries do not have any regulations for approval and homologation at all, others are very strictly regulated (e.g. EU, Japan, etc.). The guidelines are sometimes so complex and different that the technical implementation for the vehicles requires extensive and forward-looking planning.<\/span><\/p><p><span style=\"font-weight: 400;\">For the international sale of motor vehicles and motor vehicle components, operating licenses according to the regulations of the destination countries are essential. Here the specialist speaks of homologation.<\/span><\/p><p><span style=\"font-weight: 400;\">We have specialized in the retrofitting and approval of these vehicles and offer you a complete service in our master workshop and at fair prices.<\/span><\/p>\t\t\t\t\t\t\t\t<\/div>\n\t\t\t\t<\/div>\n\t\t\t\t\t<\/div>\n\t\t<\/div>\n\t\t\t\t\t<\/div>\n\t\t<\/section>\n\t\t\t\t<section class=\"elementor-section elementor-top-section elementor-element elementor-element-c7f113e elementor-section-boxed elementor-section-height-default elementor-section-height-default\" data-id=\"c7f113e\" data-element_type=\"section\" data-e-type=\"section\">\n\t\t\t\t\t\t<div class=\"elementor-container elementor-column-gap-default\">\n\t\t\t\t\t\t<\/div>\n\t\t<\/section>\n\t\t\t\t<\/div>","protected":false},"excerpt":{"rendered":"<p>Umr\u00fcstung \/ Umbauma\u00dfnahmen f\u00fcr importierte Fahrzeuge, speziell US Fahrzeuge. \u00a0 Die Umr\u00fcstung von US Fahrzeugen auf europ\u00e4ische Norm ist in Deutschland unumg\u00e4nglich. S\u00e4mtliche Fahrzeuge aus den Nicht-EU Staaten &#8211; speziell USA unterscheiden sich in vielen Bauteilen von der zul\u00e4ssigen europ\u00e4ischen Norm, aus dem Grund m\u00fcssen importierte Fahrzeuge erst einmal auf den europ\u00e4ischen Standard umger\u00fcstet werden.&hellip;<\/p>","protected":false},"author":3,"featured_media":0,"parent":0,"menu_order":0,"comment_status":"closed","ping_status":"closed","template":"","meta":{"_monsterinsights_skip_tracking":false,"_monsterinsights_sitenote_active":false,"_monsterinsights_sitenote_note":"","_monsterinsights_sitenote_category":0,"footnotes":""},"class_list":["post-1871","page","type-page","status-publish","hentry"],"yoast_head":"<!-- This site is optimized with the Yoast SEO plugin v27.4 - https:\/\/yoast.com\/product\/yoast-seo-wordpress\/ -->\n<title>Homologation \/\/ Vollabnahme | Berlin Motors USC GmbH<\/title>\n<meta name=\"robots\" content=\"index, follow, max-snippet:-1, max-image-preview:large, max-video-preview:-1\" \/>\n<link rel=\"canonical\" href=\"https:\/\/www.berlinmotorsteam.de\/en\/homologation-vollabnahme\/\" \/>\n<meta property=\"og:locale\" content=\"en_US\" \/>\n<meta property=\"og:type\" content=\"article\" \/>\n<meta property=\"og:title\" content=\"Homologation \/\/ Vollabnahme | Berlin Motors USC GmbH\" \/>\n<meta property=\"og:description\" content=\"Umr\u00fcstung \/ Umbauma\u00dfnahmen f\u00fcr importierte Fahrzeuge, speziell US Fahrzeuge. \u00a0 Die Umr\u00fcstung von US Fahrzeugen auf europ\u00e4ische Norm ist in Deutschland unumg\u00e4nglich. S\u00e4mtliche Fahrzeuge aus den Nicht-EU Staaten &#8211; speziell USA unterscheiden sich in vielen Bauteilen von der zul\u00e4ssigen europ\u00e4ischen Norm, aus dem Grund m\u00fcssen importierte Fahrzeuge erst einmal auf den europ\u00e4ischen Standard umger\u00fcstet werden.&hellip;\" \/>\n<meta property=\"og:url\" content=\"https:\/\/www.berlinmotorsteam.de\/en\/homologation-vollabnahme\/\" \/>\n<meta property=\"og:site_name\" content=\"Berlin Motors USC GmbH\" \/>\n<meta property=\"article:publisher\" content=\"https:\/\/www.facebook.com\/berlinmotors\/\" \/>\n<meta property=\"article:modified_time\" content=\"2020-10-22T14:12:10+00:00\" \/>\n<meta property=\"og:image\" content=\"https:\/\/www.berlinmotorsteam.de\/wp-content\/uploads\/2020\/09\/AdobeStock_251452017-1024x683.jpeg\" \/>\n<meta name=\"twitter:card\" content=\"summary_large_image\" \/>\n<meta name=\"twitter:label1\" content=\"Est. reading time\" \/>\n\t<meta name=\"twitter:data1\" content=\"3 minutes\" \/>\n<script type=\"application\/ld+json\" class=\"yoast-schema-graph\">{\"@context\":\"https:\\\/\\\/schema.org\",\"@graph\":[{\"@type\":\"WebPage\",\"@id\":\"https:\\\/\\\/www.berlinmotorsteam.de\\\/homologation-vollabnahme\\\/\",\"url\":\"https:\\\/\\\/www.berlinmotorsteam.de\\\/homologation-vollabnahme\\\/\",\"name\":\"Homologation \\\/\\\/ Vollabnahme | Berlin Motors USC GmbH\",\"isPartOf\":{\"@id\":\"https:\\\/\\\/www.berlinmotorsteam.de\\\/#website\"},\"primaryImageOfPage\":{\"@id\":\"https:\\\/\\\/www.berlinmotorsteam.de\\\/homologation-vollabnahme\\\/#primaryimage\"},\"image\":{\"@id\":\"https:\\\/\\\/www.berlinmotorsteam.de\\\/homologation-vollabnahme\\\/#primaryimage\"},\"thumbnailUrl\":\"https:\\\/\\\/www.berlinmotorsteam.de\\\/wp-content\\\/uploads\\\/2020\\\/09\\\/AdobeStock_251452017-1024x683.jpeg\",\"datePublished\":\"2020-09-21T20:52:47+00:00\",\"dateModified\":\"2020-10-22T14:12:10+00:00\",\"breadcrumb\":{\"@id\":\"https:\\\/\\\/www.berlinmotorsteam.de\\\/homologation-vollabnahme\\\/#breadcrumb\"},\"inLanguage\":\"en-US\",\"potentialAction\":[{\"@type\":\"ReadAction\",\"target\":[\"https:\\\/\\\/www.berlinmotorsteam.de\\\/homologation-vollabnahme\\\/\"]}]},{\"@type\":\"ImageObject\",\"inLanguage\":\"en-US\",\"@id\":\"https:\\\/\\\/www.berlinmotorsteam.de\\\/homologation-vollabnahme\\\/#primaryimage\",\"url\":\"https:\\\/\\\/www.berlinmotorsteam.de\\\/wp-content\\\/uploads\\\/2020\\\/09\\\/AdobeStock_251452017-1024x683.jpeg\",\"contentUrl\":\"https:\\\/\\\/www.berlinmotorsteam.de\\\/wp-content\\\/uploads\\\/2020\\\/09\\\/AdobeStock_251452017-1024x683.jpeg\"},{\"@type\":\"BreadcrumbList\",\"@id\":\"https:\\\/\\\/www.berlinmotorsteam.de\\\/homologation-vollabnahme\\\/#breadcrumb\",\"itemListElement\":[{\"@type\":\"ListItem\",\"position\":1,\"name\":\"Startseite\",\"item\":\"https:\\\/\\\/www.berlinmotorsteam.de\\\/\"},{\"@type\":\"ListItem\",\"position\":2,\"name\":\"Homologation \\\/\\\/ Vollabnahme\"}]},{\"@type\":\"WebSite\",\"@id\":\"https:\\\/\\\/www.berlinmotorsteam.de\\\/#website\",\"url\":\"https:\\\/\\\/www.berlinmotorsteam.de\\\/\",\"name\":\"Berlin Motors USC GmbH\",\"description\":\"US CARS, Import, T\u00dcV-Abnahme, Transport, Homologation\",\"publisher\":{\"@id\":\"https:\\\/\\\/www.berlinmotorsteam.de\\\/#organization\"},\"potentialAction\":[{\"@type\":\"SearchAction\",\"target\":{\"@type\":\"EntryPoint\",\"urlTemplate\":\"https:\\\/\\\/www.berlinmotorsteam.de\\\/?s={search_term_string}\"},\"query-input\":{\"@type\":\"PropertyValueSpecification\",\"valueRequired\":true,\"valueName\":\"search_term_string\"}}],\"inLanguage\":\"en-US\"},{\"@type\":\"Organization\",\"@id\":\"https:\\\/\\\/www.berlinmotorsteam.de\\\/#organization\",\"name\":\"Berlin Motors USC GmbH\",\"url\":\"https:\\\/\\\/www.berlinmotorsteam.de\\\/\",\"logo\":{\"@type\":\"ImageObject\",\"inLanguage\":\"en-US\",\"@id\":\"https:\\\/\\\/www.berlinmotorsteam.de\\\/#\\\/schema\\\/logo\\\/image\\\/\",\"url\":\"https:\\\/\\\/www.berlinmotorsteam.de\\\/wp-content\\\/uploads\\\/2020\\\/09\\\/BM-Logo.jpg\",\"contentUrl\":\"https:\\\/\\\/www.berlinmotorsteam.de\\\/wp-content\\\/uploads\\\/2020\\\/09\\\/BM-Logo.jpg\",\"width\":317,\"height\":96,\"caption\":\"Berlin Motors USC GmbH\"},\"image\":{\"@id\":\"https:\\\/\\\/www.berlinmotorsteam.de\\\/#\\\/schema\\\/logo\\\/image\\\/\"},\"sameAs\":[\"https:\\\/\\\/www.facebook.com\\\/berlinmotors\\\/\",\"https:\\\/\\\/www.youtube.com\\\/channel\\\/UCa4GGVt0PC07KuJT-Z47KZw\"]}]}<\/script>\n<!-- \/ Yoast SEO plugin. -->","yoast_head_json":{"title":"Homologation \/\/ Vollabnahme | Berlin Motors USC GmbH","robots":{"index":"index","follow":"follow","max-snippet":"max-snippet:-1","max-image-preview":"max-image-preview:large","max-video-preview":"max-video-preview:-1"},"canonical":"https:\/\/www.berlinmotorsteam.de\/en\/homologation-vollabnahme\/","og_locale":"en_US","og_type":"article","og_title":"Homologation \/\/ Vollabnahme | Berlin Motors USC GmbH","og_description":"Umr\u00fcstung \/ Umbauma\u00dfnahmen f\u00fcr importierte Fahrzeuge, speziell US Fahrzeuge. \u00a0 Die Umr\u00fcstung von US Fahrzeugen auf europ\u00e4ische Norm ist in Deutschland unumg\u00e4nglich. S\u00e4mtliche Fahrzeuge aus den Nicht-EU Staaten &#8211; speziell USA unterscheiden sich in vielen Bauteilen von der zul\u00e4ssigen europ\u00e4ischen Norm, aus dem Grund m\u00fcssen importierte Fahrzeuge erst einmal auf den europ\u00e4ischen Standard umger\u00fcstet werden.&hellip;","og_url":"https:\/\/www.berlinmotorsteam.de\/en\/homologation-vollabnahme\/","og_site_name":"Berlin Motors USC GmbH","article_publisher":"https:\/\/www.facebook.com\/berlinmotors\/","article_modified_time":"2020-10-22T14:12:10+00:00","og_image":[{"url":"https:\/\/www.berlinmotorsteam.de\/wp-content\/uploads\/2020\/09\/AdobeStock_251452017-1024x683.jpeg","type":"","width":"","height":""}],"twitter_card":"summary_large_image","twitter_misc":{"Est. reading time":"3 minutes"},"schema":{"@context":"https:\/\/schema.org","@graph":[{"@type":"WebPage","@id":"https:\/\/www.berlinmotorsteam.de\/homologation-vollabnahme\/","url":"https:\/\/www.berlinmotorsteam.de\/homologation-vollabnahme\/","name":"Homologation \/\/ Vollabnahme | Berlin Motors USC GmbH","isPartOf":{"@id":"https:\/\/www.berlinmotorsteam.de\/#website"},"primaryImageOfPage":{"@id":"https:\/\/www.berlinmotorsteam.de\/homologation-vollabnahme\/#primaryimage"},"image":{"@id":"https:\/\/www.berlinmotorsteam.de\/homologation-vollabnahme\/#primaryimage"},"thumbnailUrl":"https:\/\/www.berlinmotorsteam.de\/wp-content\/uploads\/2020\/09\/AdobeStock_251452017-1024x683.jpeg","datePublished":"2020-09-21T20:52:47+00:00","dateModified":"2020-10-22T14:12:10+00:00","breadcrumb":{"@id":"https:\/\/www.berlinmotorsteam.de\/homologation-vollabnahme\/#breadcrumb"},"inLanguage":"en-US","potentialAction":[{"@type":"ReadAction","target":["https:\/\/www.berlinmotorsteam.de\/homologation-vollabnahme\/"]}]},{"@type":"ImageObject","inLanguage":"en-US","@id":"https:\/\/www.berlinmotorsteam.de\/homologation-vollabnahme\/#primaryimage","url":"https:\/\/www.berlinmotorsteam.de\/wp-content\/uploads\/2020\/09\/AdobeStock_251452017-1024x683.jpeg","contentUrl":"https:\/\/www.berlinmotorsteam.de\/wp-content\/uploads\/2020\/09\/AdobeStock_251452017-1024x683.jpeg"},{"@type":"BreadcrumbList","@id":"https:\/\/www.berlinmotorsteam.de\/homologation-vollabnahme\/#breadcrumb","itemListElement":[{"@type":"ListItem","position":1,"name":"Startseite","item":"https:\/\/www.berlinmotorsteam.de\/"},{"@type":"ListItem","position":2,"name":"Homologation \/\/ Vollabnahme"}]},{"@type":"WebSite","@id":"https:\/\/www.berlinmotorsteam.de\/#website","url":"https:\/\/www.berlinmotorsteam.de\/","name":"Berlin Motors USC GmbH","description":"US CARS, Import, T\u00dcV-Abnahme, Transport, Homologation","publisher":{"@id":"https:\/\/www.berlinmotorsteam.de\/#organization"},"potentialAction":[{"@type":"SearchAction","target":{"@type":"EntryPoint","urlTemplate":"https:\/\/www.berlinmotorsteam.de\/?s={search_term_string}"},"query-input":{"@type":"PropertyValueSpecification","valueRequired":true,"valueName":"search_term_string"}}],"inLanguage":"en-US"},{"@type":"Organization","@id":"https:\/\/www.berlinmotorsteam.de\/#organization","name":"Berlin Motors USC GmbH","url":"https:\/\/www.berlinmotorsteam.de\/","logo":{"@type":"ImageObject","inLanguage":"en-US","@id":"https:\/\/www.berlinmotorsteam.de\/#\/schema\/logo\/image\/","url":"https:\/\/www.berlinmotorsteam.de\/wp-content\/uploads\/2020\/09\/BM-Logo.jpg","contentUrl":"https:\/\/www.berlinmotorsteam.de\/wp-content\/uploads\/2020\/09\/BM-Logo.jpg","width":317,"height":96,"caption":"Berlin Motors USC GmbH"},"image":{"@id":"https:\/\/www.berlinmotorsteam.de\/#\/schema\/logo\/image\/"},"sameAs":["https:\/\/www.facebook.com\/berlinmotors\/","https:\/\/www.youtube.com\/channel\/UCa4GGVt0PC07KuJT-Z47KZw"]}]}},"_links":{"self":[{"href":"https:\/\/www.berlinmotorsteam.de\/en\/wp-json\/wp\/v2\/pages\/1871","targetHints":{"allow":["GET"]}}],"collection":[{"href":"https:\/\/www.berlinmotorsteam.de\/en\/wp-json\/wp\/v2\/pages"}],"about":[{"href":"https:\/\/www.berlinmotorsteam.de\/en\/wp-json\/wp\/v2\/types\/page"}],"author":[{"embeddable":true,"href":"https:\/\/www.berlinmotorsteam.de\/en\/wp-json\/wp\/v2\/users\/3"}],"replies":[{"embeddable":true,"href":"https:\/\/www.berlinmotorsteam.de\/en\/wp-json\/wp\/v2\/comments?post=1871"}],"version-history":[{"count":5,"href":"https:\/\/www.berlinmotorsteam.de\/en\/wp-json\/wp\/v2\/pages\/1871\/revisions"}],"predecessor-version":[{"id":2063,"href":"https:\/\/www.berlinmotorsteam.de\/en\/wp-json\/wp\/v2\/pages\/1871\/revisions\/2063"}],"wp:attachment":[{"href":"https:\/\/www.berlinmotorsteam.de\/en\/wp-json\/wp\/v2\/media?parent=1871"}],"curies":[{"name":"wp","href":"https:\/\/api.w.org\/{rel}","templated":true}]}}