{"id":16,"date":"2020-02-15T10:36:55","date_gmt":"2020-02-15T10:36:55","guid":{"rendered":"https:\/\/the7.io\/logistics\/?page_id=16"},"modified":"2022-05-13T07:55:36","modified_gmt":"2022-05-13T06:55:36","slug":"logistic-services","status":"publish","type":"page","link":"https:\/\/www.berlinmotorsteam.de\/en\/logistic-services\/","title":{"rendered":"Our services"},"content":{"rendered":"<div data-elementor-type=\"wp-page\" data-elementor-id=\"16\" class=\"elementor elementor-16\" data-elementor-post-type=\"page\">\n\t\t\t\t\t\t<section class=\"elementor-section elementor-top-section elementor-element elementor-element-6ab4763 elementor-section-content-middle elementor-section-boxed elementor-section-height-default elementor-section-height-default\" data-id=\"6ab4763\" data-element_type=\"section\" data-e-type=\"section\">\n\t\t\t\t\t\t<div class=\"elementor-container elementor-column-gap-no\">\n\t\t\t\t\t<div class=\"elementor-column elementor-col-50 elementor-top-column elementor-element elementor-element-4932b906\" data-id=\"4932b906\" data-element_type=\"column\" data-e-type=\"column\">\n\t\t\t<div class=\"elementor-widget-wrap elementor-element-populated\">\n\t\t\t\t\t\t<div class=\"elementor-element elementor-element-38b594f9 elementor-widget elementor-widget-heading\" data-id=\"38b594f9\" data-element_type=\"widget\" data-e-type=\"widget\" data-widget_type=\"heading.default\">\n\t\t\t\t<div class=\"elementor-widget-container\">\n\t\t\t\t\t<h2 class=\"elementor-heading-title elementor-size-default\">Berlin Motors<\/h2>\t\t\t\t<\/div>\n\t\t\t\t<\/div>\n\t\t\t\t\t<\/div>\n\t\t<\/div>\n\t\t\t\t<div class=\"elementor-column elementor-col-50 elementor-top-column elementor-element elementor-element-15e1879b\" data-id=\"15e1879b\" data-element_type=\"column\" data-e-type=\"column\">\n\t\t\t<div class=\"elementor-widget-wrap elementor-element-populated\">\n\t\t\t\t\t\t<div class=\"elementor-element elementor-element-6a6348dc elementor-widget elementor-widget-heading\" data-id=\"6a6348dc\" data-element_type=\"widget\" data-e-type=\"widget\" data-widget_type=\"heading.default\">\n\t\t\t\t<div class=\"elementor-widget-container\">\n\t\t\t\t\t<h3 class=\"elementor-heading-title elementor-size-default\">Our services at a glance<\/h3>\t\t\t\t<\/div>\n\t\t\t\t<\/div>\n\t\t\t\t\t<\/div>\n\t\t<\/div>\n\t\t\t\t\t<\/div>\n\t\t<\/section>\n\t\t\t\t<section class=\"elementor-section elementor-top-section elementor-element elementor-element-62466e7 elementor-section-boxed elementor-section-height-default elementor-section-height-default\" data-id=\"62466e7\" data-element_type=\"section\" data-e-type=\"section\">\n\t\t\t\t\t\t<div class=\"elementor-container elementor-column-gap-wider\">\n\t\t\t\t\t<div class=\"elementor-column elementor-col-100 elementor-top-column elementor-element elementor-element-f0ae12a\" data-id=\"f0ae12a\" data-element_type=\"column\" data-e-type=\"column\">\n\t\t\t<div class=\"elementor-widget-wrap elementor-element-populated\">\n\t\t\t\t\t\t<div class=\"elementor-element elementor-element-265f5a0 elementor-grid-3 elementor-grid-tablet-2 elementor-grid-mobile-1 elementor-posts--thumbnail-top elementor-card-shadow-yes elementor-posts__hover-gradient elementor-widget elementor-widget-posts\" data-id=\"265f5a0\" data-element_type=\"widget\" data-e-type=\"widget\" data-settings=\"{&quot;cards_columns&quot;:&quot;3&quot;,&quot;cards_columns_tablet&quot;:&quot;2&quot;,&quot;cards_columns_mobile&quot;:&quot;1&quot;,&quot;cards_row_gap&quot;:{&quot;unit&quot;:&quot;px&quot;,&quot;size&quot;:35,&quot;sizes&quot;:[]},&quot;cards_row_gap_tablet&quot;:{&quot;unit&quot;:&quot;px&quot;,&quot;size&quot;:&quot;&quot;,&quot;sizes&quot;:[]},&quot;cards_row_gap_mobile&quot;:{&quot;unit&quot;:&quot;px&quot;,&quot;size&quot;:&quot;&quot;,&quot;sizes&quot;:[]}}\" data-widget_type=\"posts.cards\">\n\t\t\t\t<div class=\"elementor-widget-container\">\n\t\t\t\t\t\t\t<div class=\"elementor-posts-container elementor-posts elementor-posts--skin-cards elementor-grid\">\n\t\t\t\t<article class=\"elementor-post elementor-grid-item post-2232 page type-page status-publish hentry\">\n\t\t\t<div class=\"elementor-post__card\">\n\t\t\t\t<div class=\"elementor-post__text\">\n\t\t\t\t<h3 class=\"elementor-post__title\">\n\t\t\t<a href=\"https:\/\/www.berlinmotorsteam.de\/en\/stueckgutversand\/\" >\n\t\t\t\tSt\u00fcckgutversendung\t\t\t<\/a>\n\t\t<\/h3>\n\t\t\t\t<div class=\"elementor-post__excerpt\">\n\t\t\t<p>Berlin Motors USC bildet mit zahlreichen namhaften Partnern im In- und Ausland bilden fl\u00e4chendeckendes Netzwerk in der Logistik mit regelm\u00e4\u00dfigen Abfahrten f\u00fcr den Transport von<\/p>\n\t\t<\/div>\n\t\t\n\t\t<a class=\"elementor-post__read-more\" href=\"https:\/\/www.berlinmotorsteam.de\/en\/stueckgutversand\/\" aria-label=\"Read more about St\u00fcckgutversendung\" tabindex=\"-1\" >\n\t\t\tOpen for more \u00bb\t\t<\/a>\n\n\t\t\t\t<\/div>\n\t\t\t\t\t<\/div>\n\t\t<\/article>\n\t\t\t\t<article class=\"elementor-post elementor-grid-item post-2166 page type-page status-publish hentry\">\n\t\t\t<div class=\"elementor-post__card\">\n\t\t\t\t<div class=\"elementor-post__text\">\n\t\t\t\t<h3 class=\"elementor-post__title\">\n\t\t\t<a href=\"https:\/\/www.berlinmotorsteam.de\/en\/us-fahrzeuge-kaufen\/\" >\n\t\t\t\tFahrzeugsuche \/ Plattformen\t\t\t<\/a>\n\t\t<\/h3>\n\t\t\t\t<div class=\"elementor-post__excerpt\">\n\t\t\t<p>Als lizensierter H\u00e4ndler und Exporteur mit B\u00fcros in den USA und Deutschland importieren wir Ihr Wunschfahrzeug oder Motorrad zum zuvor vereinbarten Festpreis weltweit. Sobald Sie<\/p>\n\t\t<\/div>\n\t\t\n\t\t<a class=\"elementor-post__read-more\" href=\"https:\/\/www.berlinmotorsteam.de\/en\/us-fahrzeuge-kaufen\/\" aria-label=\"Read more about Fahrzeugsuche \/ Plattformen\" tabindex=\"-1\" >\n\t\t\tOpen for more \u00bb\t\t<\/a>\n\n\t\t\t\t<\/div>\n\t\t\t\t\t<\/div>\n\t\t<\/article>\n\t\t\t\t<article class=\"elementor-post elementor-grid-item post-1949 page type-page status-publish hentry\">\n\t\t\t<div class=\"elementor-post__card\">\n\t\t\t\t<div class=\"elementor-post__text\">\n\t\t\t\t<h3 class=\"elementor-post__title\">\n\t\t\t<a href=\"https:\/\/www.berlinmotorsteam.de\/en\/auto-transport-dienstleistungen\/\" >\n\t\t\t\tAuto transportation services\t\t\t<\/a>\n\t\t<\/h3>\n\t\t\t\t<div class=\"elementor-post__excerpt\">\n\t\t\t<p>Thanks to volume discounts through our transport partners, we can offer you the most competitive tariffs for car transports and shipments.<\/p>\n\t\t<\/div>\n\t\t\n\t\t<a class=\"elementor-post__read-more\" href=\"https:\/\/www.berlinmotorsteam.de\/en\/auto-transport-dienstleistungen\/\" aria-label=\"Read more about Auto Transport Dienstleistungen\" tabindex=\"-1\" >\n\t\t\tOpen for more \u00bb\t\t<\/a>\n\n\t\t\t\t<\/div>\n\t\t\t\t\t<\/div>\n\t\t<\/article>\n\t\t\t\t<article class=\"elementor-post elementor-grid-item post-1940 page type-page status-publish hentry\">\n\t\t\t<div class=\"elementor-post__card\">\n\t\t\t\t<div class=\"elementor-post__text\">\n\t\t\t\t<h3 class=\"elementor-post__title\">\n\t\t\t<a href=\"https:\/\/www.berlinmotorsteam.de\/en\/fahrzeug-inspektion\/\" >\n\t\t\t\tVehicle inspection\t\t\t<\/a>\n\t\t<\/h3>\n\t\t\t\t<div class=\"elementor-post__excerpt\">\n\t\t\t<p>Car Check Sie haben ein Fahrzeug gefunden und m\u00f6chten es kaufen? Sichern Sie Ihre Investition mit einer Fahrzeuginspektion durch Berlin Motors ab. \u00a0 Kaufen Sie<\/p>\n\t\t<\/div>\n\t\t\n\t\t<a class=\"elementor-post__read-more\" href=\"https:\/\/www.berlinmotorsteam.de\/en\/fahrzeug-inspektion\/\" aria-label=\"Read more about Fahrzeug Inspektion\" tabindex=\"-1\" >\n\t\t\tOpen for more \u00bb\t\t<\/a>\n\n\t\t\t\t<\/div>\n\t\t\t\t\t<\/div>\n\t\t<\/article>\n\t\t\t\t<article class=\"elementor-post elementor-grid-item post-1930 page type-page status-publish hentry\">\n\t\t\t<div class=\"elementor-post__card\">\n\t\t\t\t<div class=\"elementor-post__text\">\n\t\t\t\t<h3 class=\"elementor-post__title\">\n\t\t\t<a href=\"https:\/\/www.berlinmotorsteam.de\/en\/werkstattservice\/\" >\n\t\t\t\tWorkshop service\t\t\t<\/a>\n\t\t<\/h3>\n\t\t\t\t<div class=\"elementor-post__excerpt\">\n\t\t\t<p>From tire service to accident damage and the statutory AU \/ HU (T\u00dcV), we repair and check your car.<\/p>\n\t\t<\/div>\n\t\t\n\t\t<a class=\"elementor-post__read-more\" href=\"https:\/\/www.berlinmotorsteam.de\/en\/werkstattservice\/\" aria-label=\"Read more about Werkstattservice\" tabindex=\"-1\" >\n\t\t\tOpen for more \u00bb\t\t<\/a>\n\n\t\t\t\t<\/div>\n\t\t\t\t\t<\/div>\n\t\t<\/article>\n\t\t\t\t<article class=\"elementor-post elementor-grid-item post-1875 page type-page status-publish hentry\">\n\t\t\t<div class=\"elementor-post__card\">\n\t\t\t\t<div class=\"elementor-post__text\">\n\t\t\t\t<h3 class=\"elementor-post__title\">\n\t\t\t<a href=\"https:\/\/www.berlinmotorsteam.de\/en\/kaufabwicklung-treuhandservice\/\" >\n\t\t\t\tPurchase transaction \/ escrow service\t\t\t<\/a>\n\t\t<\/h3>\n\t\t\t\t<div class=\"elementor-post__excerpt\">\n\t\t\t<p>Are you looking for your dream car? We search and find it for you. Have you already found your dream car? Let us know,<\/p>\n\t\t<\/div>\n\t\t\n\t\t<a class=\"elementor-post__read-more\" href=\"https:\/\/www.berlinmotorsteam.de\/en\/kaufabwicklung-treuhandservice\/\" aria-label=\"Read more about Kaufabwicklung \/ Treuhandservice\" tabindex=\"-1\" >\n\t\t\tOpen for more \u00bb\t\t<\/a>\n\n\t\t\t\t<\/div>\n\t\t\t\t\t<\/div>\n\t\t<\/article>\n\t\t\t\t<article class=\"elementor-post elementor-grid-item post-1871 page type-page status-publish hentry\">\n\t\t\t<div class=\"elementor-post__card\">\n\t\t\t\t<div class=\"elementor-post__text\">\n\t\t\t\t<h3 class=\"elementor-post__title\">\n\t\t\t<a href=\"https:\/\/www.berlinmotorsteam.de\/en\/homologation-vollabnahme\/\" >\n\t\t\t\tHomologation \/\/ Vollabnahme\t\t\t<\/a>\n\t\t<\/h3>\n\t\t\t\t<div class=\"elementor-post__excerpt\">\n\t\t\t<p>Retrofitting \/ conversion work for imported vehicles, especially US vehicles. The conversion of US vehicles to European standards is inevitable in Germany. All vehicles out<\/p>\n\t\t<\/div>\n\t\t\n\t\t<a class=\"elementor-post__read-more\" href=\"https:\/\/www.berlinmotorsteam.de\/en\/homologation-vollabnahme\/\" aria-label=\"Read more about Homologation \/\/ Vollabnahme\" tabindex=\"-1\" >\n\t\t\tOpen for more \u00bb\t\t<\/a>\n\n\t\t\t\t<\/div>\n\t\t\t\t\t<\/div>\n\t\t<\/article>\n\t\t\t\t<\/div>\n\t\t\n\t\t\t\t\t\t<\/div>\n\t\t\t\t<\/div>\n\t\t\t\t\t<\/div>\n\t\t<\/div>\n\t\t\t\t\t<\/div>\n\t\t<\/section>\n\t\t\t\t<section class=\"elementor-section elementor-top-section elementor-element elementor-element-30e28c2 elementor-section-stretched elementor-section-full_width elementor-section-height-default elementor-section-height-default\" data-id=\"30e28c2\" data-element_type=\"section\" data-e-type=\"section\" data-settings=\"{&quot;stretch_section&quot;:&quot;section-stretched&quot;}\">\n\t\t\t\t\t\t<div class=\"elementor-container elementor-column-gap-no\">\n\t\t\t\t\t<div class=\"elementor-column elementor-col-100 elementor-top-column elementor-element elementor-element-41480e31\" data-id=\"41480e31\" data-element_type=\"column\" data-e-type=\"column\">\n\t\t\t<div class=\"elementor-widget-wrap elementor-element-populated\">\n\t\t\t\t\t\t<div class=\"elementor-element elementor-element-7967fe31 elementor-widget-divider--separator-type-pattern elementor-widget-divider--view-line elementor-widget elementor-widget-divider\" data-id=\"7967fe31\" data-element_type=\"widget\" data-e-type=\"widget\" data-widget_type=\"divider.default\">\n\t\t\t\t<div class=\"elementor-widget-container\">\n\t\t\t\t\t\t\t<div class=\"elementor-divider\" style=\"--divider-pattern-url: url(&quot;data:image\/svg+xml,%3Csvg xmlns=&#039;http:\/\/www.w3.org\/2000\/svg&#039; preserveAspectRatio=&#039;none&#039; overflow=&#039;visible&#039; height=&#039;100%&#039; viewBox=&#039;0 0 20 16&#039; fill=&#039;none&#039; stroke=&#039;black&#039; stroke-width=&#039;3&#039; stroke-linecap=&#039;square&#039; stroke-miterlimit=&#039;10&#039;%3E%3Cg transform=&#039;translate(-12.000000, 0)&#039;%3E%3Cpath d=&#039;M28,0L10,18&#039;\/%3E%3Cpath d=&#039;M18,0L0,18&#039;\/%3E%3Cpath d=&#039;M48,0L30,18&#039;\/%3E%3Cpath d=&#039;M38,0L20,18&#039;\/%3E%3C\/g%3E%3C\/svg%3E&quot;);\">\n\t\t\t<span class=\"elementor-divider-separator\">\n\t\t\t\t\t\t<\/span>\n\t\t<\/div>\n\t\t\t\t\t\t<\/div>\n\t\t\t\t<\/div>\n\t\t\t\t\t<\/div>\n\t\t<\/div>\n\t\t\t\t\t<\/div>\n\t\t<\/section>\n\t\t\t\t<\/div>","protected":false},"excerpt":{"rendered":"<p>Berlin Motors Unsere Services im \u00dcberblick<\/p>","protected":false},"author":1,"featured_media":154,"parent":0,"menu_order":40,"comment_status":"closed","ping_status":"closed","template":"elementor_header_footer","meta":{"_monsterinsights_skip_tracking":false,"_monsterinsights_sitenote_active":false,"_monsterinsights_sitenote_note":"","_monsterinsights_sitenote_category":0,"footnotes":""},"class_list":["post-16","page","type-page","status-publish","has-post-thumbnail","hentry"],"yoast_head":"<!-- This site is optimized with the Yoast SEO plugin v27.4 - https:\/\/yoast.com\/product\/yoast-seo-wordpress\/ -->\n<title>Unsere Services | Berlin Motors USC GmbH<\/title>\n<meta name=\"robots\" content=\"index, follow, max-snippet:-1, max-image-preview:large, max-video-preview:-1\" \/>\n<link rel=\"canonical\" href=\"https:\/\/www.berlinmotorsteam.de\/en\/logistic-services\/\" \/>\n<meta property=\"og:locale\" content=\"en_US\" \/>\n<meta property=\"og:type\" content=\"article\" \/>\n<meta property=\"og:title\" content=\"Unsere Services | Berlin Motors USC GmbH\" \/>\n<meta property=\"og:description\" content=\"Berlin Motors Unsere Services im \u00dcberblick\" \/>\n<meta property=\"og:url\" content=\"https:\/\/www.berlinmotorsteam.de\/en\/logistic-services\/\" \/>\n<meta property=\"og:site_name\" content=\"Berlin Motors USC GmbH\" \/>\n<meta property=\"article:publisher\" content=\"https:\/\/www.facebook.com\/berlinmotors\/\" \/>\n<meta property=\"article:modified_time\" content=\"2022-05-13T06:55:36+00:00\" \/>\n<meta property=\"og:image\" content=\"https:\/\/www.berlinmotorsteam.de\/wp-content\/uploads\/2020\/02\/tr015.jpg\" \/>\n\t<meta property=\"og:image:width\" content=\"1500\" \/>\n\t<meta property=\"og:image:height\" content=\"1000\" \/>\n\t<meta property=\"og:image:type\" content=\"image\/jpeg\" \/>\n<meta name=\"twitter:card\" content=\"summary_large_image\" \/>\n<meta name=\"twitter:label1\" content=\"Est. reading time\" \/>\n\t<meta name=\"twitter:data1\" content=\"2 minutes\" \/>\n<script type=\"application\/ld+json\" class=\"yoast-schema-graph\">{\"@context\":\"https:\\\/\\\/schema.org\",\"@graph\":[{\"@type\":\"WebPage\",\"@id\":\"https:\\\/\\\/www.berlinmotorsteam.de\\\/logistic-services\\\/\",\"url\":\"https:\\\/\\\/www.berlinmotorsteam.de\\\/logistic-services\\\/\",\"name\":\"Unsere Services | Berlin Motors USC GmbH\",\"isPartOf\":{\"@id\":\"https:\\\/\\\/www.berlinmotorsteam.de\\\/#website\"},\"primaryImageOfPage\":{\"@id\":\"https:\\\/\\\/www.berlinmotorsteam.de\\\/logistic-services\\\/#primaryimage\"},\"image\":{\"@id\":\"https:\\\/\\\/www.berlinmotorsteam.de\\\/logistic-services\\\/#primaryimage\"},\"thumbnailUrl\":\"https:\\\/\\\/www.berlinmotorsteam.de\\\/wp-content\\\/uploads\\\/2020\\\/02\\\/tr015.jpg\",\"datePublished\":\"2020-02-15T10:36:55+00:00\",\"dateModified\":\"2022-05-13T06:55:36+00:00\",\"breadcrumb\":{\"@id\":\"https:\\\/\\\/www.berlinmotorsteam.de\\\/logistic-services\\\/#breadcrumb\"},\"inLanguage\":\"en-US\",\"potentialAction\":[{\"@type\":\"ReadAction\",\"target\":[\"https:\\\/\\\/www.berlinmotorsteam.de\\\/logistic-services\\\/\"]}]},{\"@type\":\"ImageObject\",\"inLanguage\":\"en-US\",\"@id\":\"https:\\\/\\\/www.berlinmotorsteam.de\\\/logistic-services\\\/#primaryimage\",\"url\":\"https:\\\/\\\/www.berlinmotorsteam.de\\\/wp-content\\\/uploads\\\/2020\\\/02\\\/tr015.jpg\",\"contentUrl\":\"https:\\\/\\\/www.berlinmotorsteam.de\\\/wp-content\\\/uploads\\\/2020\\\/02\\\/tr015.jpg\",\"width\":1500,\"height\":1000},{\"@type\":\"BreadcrumbList\",\"@id\":\"https:\\\/\\\/www.berlinmotorsteam.de\\\/logistic-services\\\/#breadcrumb\",\"itemListElement\":[{\"@type\":\"ListItem\",\"position\":1,\"name\":\"Startseite\",\"item\":\"https:\\\/\\\/www.berlinmotorsteam.de\\\/\"},{\"@type\":\"ListItem\",\"position\":2,\"name\":\"Unsere Services\"}]},{\"@type\":\"WebSite\",\"@id\":\"https:\\\/\\\/www.berlinmotorsteam.de\\\/#website\",\"url\":\"https:\\\/\\\/www.berlinmotorsteam.de\\\/\",\"name\":\"Berlin Motors USC GmbH\",\"description\":\"US CARS, Import, T\u00dcV-Abnahme, Transport, Homologation\",\"publisher\":{\"@id\":\"https:\\\/\\\/www.berlinmotorsteam.de\\\/#organization\"},\"potentialAction\":[{\"@type\":\"SearchAction\",\"target\":{\"@type\":\"EntryPoint\",\"urlTemplate\":\"https:\\\/\\\/www.berlinmotorsteam.de\\\/?s={search_term_string}\"},\"query-input\":{\"@type\":\"PropertyValueSpecification\",\"valueRequired\":true,\"valueName\":\"search_term_string\"}}],\"inLanguage\":\"en-US\"},{\"@type\":\"Organization\",\"@id\":\"https:\\\/\\\/www.berlinmotorsteam.de\\\/#organization\",\"name\":\"Berlin Motors USC GmbH\",\"url\":\"https:\\\/\\\/www.berlinmotorsteam.de\\\/\",\"logo\":{\"@type\":\"ImageObject\",\"inLanguage\":\"en-US\",\"@id\":\"https:\\\/\\\/www.berlinmotorsteam.de\\\/#\\\/schema\\\/logo\\\/image\\\/\",\"url\":\"https:\\\/\\\/www.berlinmotorsteam.de\\\/wp-content\\\/uploads\\\/2020\\\/09\\\/BM-Logo.jpg\",\"contentUrl\":\"https:\\\/\\\/www.berlinmotorsteam.de\\\/wp-content\\\/uploads\\\/2020\\\/09\\\/BM-Logo.jpg\",\"width\":317,\"height\":96,\"caption\":\"Berlin Motors USC GmbH\"},\"image\":{\"@id\":\"https:\\\/\\\/www.berlinmotorsteam.de\\\/#\\\/schema\\\/logo\\\/image\\\/\"},\"sameAs\":[\"https:\\\/\\\/www.facebook.com\\\/berlinmotors\\\/\",\"https:\\\/\\\/www.youtube.com\\\/channel\\\/UCa4GGVt0PC07KuJT-Z47KZw\"]}]}<\/script>\n<!-- \/ Yoast SEO plugin. -->","yoast_head_json":{"title":"Unsere Services | Berlin Motors USC GmbH","robots":{"index":"index","follow":"follow","max-snippet":"max-snippet:-1","max-image-preview":"max-image-preview:large","max-video-preview":"max-video-preview:-1"},"canonical":"https:\/\/www.berlinmotorsteam.de\/en\/logistic-services\/","og_locale":"en_US","og_type":"article","og_title":"Unsere Services | Berlin Motors USC GmbH","og_description":"Berlin Motors Unsere Services im \u00dcberblick","og_url":"https:\/\/www.berlinmotorsteam.de\/en\/logistic-services\/","og_site_name":"Berlin Motors USC GmbH","article_publisher":"https:\/\/www.facebook.com\/berlinmotors\/","article_modified_time":"2022-05-13T06:55:36+00:00","og_image":[{"width":1500,"height":1000,"url":"https:\/\/www.berlinmotorsteam.de\/wp-content\/uploads\/2020\/02\/tr015.jpg","type":"image\/jpeg"}],"twitter_card":"summary_large_image","twitter_misc":{"Est. reading time":"2 minutes"},"schema":{"@context":"https:\/\/schema.org","@graph":[{"@type":"WebPage","@id":"https:\/\/www.berlinmotorsteam.de\/logistic-services\/","url":"https:\/\/www.berlinmotorsteam.de\/logistic-services\/","name":"Unsere Services | Berlin Motors USC GmbH","isPartOf":{"@id":"https:\/\/www.berlinmotorsteam.de\/#website"},"primaryImageOfPage":{"@id":"https:\/\/www.berlinmotorsteam.de\/logistic-services\/#primaryimage"},"image":{"@id":"https:\/\/www.berlinmotorsteam.de\/logistic-services\/#primaryimage"},"thumbnailUrl":"https:\/\/www.berlinmotorsteam.de\/wp-content\/uploads\/2020\/02\/tr015.jpg","datePublished":"2020-02-15T10:36:55+00:00","dateModified":"2022-05-13T06:55:36+00:00","breadcrumb":{"@id":"https:\/\/www.berlinmotorsteam.de\/logistic-services\/#breadcrumb"},"inLanguage":"en-US","potentialAction":[{"@type":"ReadAction","target":["https:\/\/www.berlinmotorsteam.de\/logistic-services\/"]}]},{"@type":"ImageObject","inLanguage":"en-US","@id":"https:\/\/www.berlinmotorsteam.de\/logistic-services\/#primaryimage","url":"https:\/\/www.berlinmotorsteam.de\/wp-content\/uploads\/2020\/02\/tr015.jpg","contentUrl":"https:\/\/www.berlinmotorsteam.de\/wp-content\/uploads\/2020\/02\/tr015.jpg","width":1500,"height":1000},{"@type":"BreadcrumbList","@id":"https:\/\/www.berlinmotorsteam.de\/logistic-services\/#breadcrumb","itemListElement":[{"@type":"ListItem","position":1,"name":"Startseite","item":"https:\/\/www.berlinmotorsteam.de\/"},{"@type":"ListItem","position":2,"name":"Unsere Services"}]},{"@type":"WebSite","@id":"https:\/\/www.berlinmotorsteam.de\/#website","url":"https:\/\/www.berlinmotorsteam.de\/","name":"Berlin Motors USC GmbH","description":"US CARS, Import, T\u00dcV-Abnahme, Transport, Homologation","publisher":{"@id":"https:\/\/www.berlinmotorsteam.de\/#organization"},"potentialAction":[{"@type":"SearchAction","target":{"@type":"EntryPoint","urlTemplate":"https:\/\/www.berlinmotorsteam.de\/?s={search_term_string}"},"query-input":{"@type":"PropertyValueSpecification","valueRequired":true,"valueName":"search_term_string"}}],"inLanguage":"en-US"},{"@type":"Organization","@id":"https:\/\/www.berlinmotorsteam.de\/#organization","name":"Berlin Motors USC GmbH","url":"https:\/\/www.berlinmotorsteam.de\/","logo":{"@type":"ImageObject","inLanguage":"en-US","@id":"https:\/\/www.berlinmotorsteam.de\/#\/schema\/logo\/image\/","url":"https:\/\/www.berlinmotorsteam.de\/wp-content\/uploads\/2020\/09\/BM-Logo.jpg","contentUrl":"https:\/\/www.berlinmotorsteam.de\/wp-content\/uploads\/2020\/09\/BM-Logo.jpg","width":317,"height":96,"caption":"Berlin Motors USC GmbH"},"image":{"@id":"https:\/\/www.berlinmotorsteam.de\/#\/schema\/logo\/image\/"},"sameAs":["https:\/\/www.facebook.com\/berlinmotors\/","https:\/\/www.youtube.com\/channel\/UCa4GGVt0PC07KuJT-Z47KZw"]}]}},"_links":{"self":[{"href":"https:\/\/www.berlinmotorsteam.de\/en\/wp-json\/wp\/v2\/pages\/16","targetHints":{"allow":["GET"]}}],"collection":[{"href":"https:\/\/www.berlinmotorsteam.de\/en\/wp-json\/wp\/v2\/pages"}],"about":[{"href":"https:\/\/www.berlinmotorsteam.de\/en\/wp-json\/wp\/v2\/types\/page"}],"author":[{"embeddable":true,"href":"https:\/\/www.berlinmotorsteam.de\/en\/wp-json\/wp\/v2\/users\/1"}],"replies":[{"embeddable":true,"href":"https:\/\/www.berlinmotorsteam.de\/en\/wp-json\/wp\/v2\/comments?post=16"}],"version-history":[{"count":8,"href":"https:\/\/www.berlinmotorsteam.de\/en\/wp-json\/wp\/v2\/pages\/16\/revisions"}],"predecessor-version":[{"id":2267,"href":"https:\/\/www.berlinmotorsteam.de\/en\/wp-json\/wp\/v2\/pages\/16\/revisions\/2267"}],"wp:featuredmedia":[{"embeddable":true,"href":"https:\/\/www.berlinmotorsteam.de\/en\/wp-json\/wp\/v2\/media\/154"}],"wp:attachment":[{"href":"https:\/\/www.berlinmotorsteam.de\/en\/wp-json\/wp\/v2\/media?parent=16"}],"curies":[{"name":"wp","href":"https:\/\/api.w.org\/{rel}","templated":true}]}}